{"id":670,"date":"2018-09-27T14:04:00","date_gmt":"2018-09-27T12:04:00","guid":{"rendered":"http:\/\/www.beto-met.pl\/eps\/?page_id=670"},"modified":"2021-04-15T10:54:59","modified_gmt":"2021-04-15T08:54:59","slug":"kontakt","status":"publish","type":"page","link":"https:\/\/www.beto-met.pl\/eps\/kontakt\/","title":{"rendered":"Kontakt"},"content":{"rendered":"<div id=\"pl-670\"  class=\"panel-layout\" ><div id=\"pg-670-0\"  class=\"panel-grid panel-has-style\" ><div class=\"siteorigin-panels-stretch panel-row-style panel-row-style-for-670-0\" data-stretch-type=\"full-stretched\" ><div id=\"pgc-670-0-0\"  class=\"panel-grid-cell\" ><div id=\"panel-670-0-0-0\" class=\"so-panel widget widget_sow-hero panel-first-child panel-last-child\" data-index=\"0\" ><div\n\t\t\t\n\t\t\tclass=\"so-widget-sow-hero so-widget-sow-hero-default-49c0d4fcc304-670\"\n\t\t\t\n\t\t>\t\t\t\t<div class=\"sow-slider-base\" style=\"display: none\" tabindex=\"0\">\n\t\t\t\t\t<ul\n\t\t\t\t\tclass=\"sow-slider-images\"\n\t\t\t\t\tdata-settings=\"{&quot;pagination&quot;:true,&quot;speed&quot;:800,&quot;timeout&quot;:8000,&quot;paused&quot;:false,&quot;pause_on_hover&quot;:false,&quot;swipe&quot;:false,&quot;nav_always_show_desktop&quot;:&quot;&quot;,&quot;nav_always_show_mobile&quot;:&quot;&quot;,&quot;breakpoint&quot;:&quot;780px&quot;,&quot;unmute&quot;:false,&quot;anchor&quot;:null}\"\n\t\t\t\t\tstyle=\"min-height: 150px\"\t\t\t\t\tdata-anchor-id=\"\"\n\t\t\t\t>\t\t<li class=\"sow-slider-image  sow-slider-image-cover\" style=\"visibility: visible;;background-color: #333333\" >\n\t\t\t\t\t<div class=\"sow-slider-image-container\">\n\t\t\t<div class=\"sow-slider-image-wrapper\">\n\t\t\t\t<h1 style=\"text-align: center\">Skontaktuj si\u0119 z nami!<\/h1>\n\t\t\t<\/div>\n\t\t<\/div>\n\t\t<div class=\"sow-slider-image-overlay sow-slider-image-cover\" style=\"opacity: 0.5;background-image: url(https:\/\/layouts.siteorigin.com\/wp-content\/uploads\/2015\/10\/ipad-718411_1920.jpg#1920x1280)\"  ><\/div>\t\t<\/li>\n\t\t<\/ul>\t\t\t\t<ol class=\"sow-slider-pagination\">\n\t\t\t\t\t\t\t\t\t\t\t<li><a href=\"#\" data-goto=\"0\" aria-label=\"Display slide 1\"><\/a><\/li>\n\t\t\t\t\t\t\t\t\t<\/ol>\n\n\t\t\t\t<div class=\"sow-slide-nav sow-slide-nav-next\">\n\t\t\t\t\t<a href=\"#\" data-goto=\"next\" aria-label=\"Next slide\" data-action=\"next\">\n\t\t\t\t\t\t<em class=\"sow-sld-icon-thin-right\"><\/em>\n\t\t\t\t\t<\/a>\n\t\t\t\t<\/div>\n\n\t\t\t\t<div class=\"sow-slide-nav sow-slide-nav-prev\">\n\t\t\t\t\t<a href=\"#\" data-goto=\"previous\" aria-label=\"Previous slide\" data-action=\"prev\">\n\t\t\t\t\t\t<em class=\"sow-sld-icon-thin-left\"><\/em>\n\t\t\t\t\t<\/a>\n\t\t\t\t<\/div>\n\t\t\t\t<\/div><\/div><\/div><\/div><\/div><\/div><div id=\"pg-670-1\"  class=\"panel-grid panel-has-style\" ><div class=\"siteorigin-panels-stretch panel-row-style panel-row-style-for-670-1\" data-stretch-type=\"full\" ><div id=\"pgc-670-1-0\"  class=\"panel-grid-cell\" ><div id=\"panel-670-1-0-0\" class=\"so-panel widget widget_sow-headline panel-first-child\" data-index=\"1\" ><div\n\t\t\t\n\t\t\tclass=\"so-widget-sow-headline so-widget-sow-headline-default-eb6ca8fed144-670\"\n\t\t\t\n\t\t><div class=\"sow-headline-container \">\n\t\t\t\t\t\t\t<h1 class=\"sow-headline\">\n\t\t\t\t\t\tNapisz wiadomo\u015b\u0107\t\t\t\t\t\t<\/h1>\n\t\t\t\t\t\t\t\t\t\t\t\t<h2 class=\"sow-sub-headline\">\n\t\t\t\t\t\tNapisz i zobaczymy czy jeste\u015bmy w stanie Ci pom\u00f3c\t\t\t\t\t\t<\/h2>\n\t\t\t\t\t\t<\/div>\n<\/div><\/div><div id=\"panel-670-1-0-1\" class=\"so-panel widget widget_sow-features panel-last-child\" data-index=\"2\" ><div\n\t\t\t\n\t\t\tclass=\"so-widget-sow-features so-widget-sow-features-default-719f450cac34-670\"\n\t\t\t\n\t\t><ul\n\tclass=\"sow-features-list\n\tsow-features-responsive\">\n\n\t\t\t<li\n\t\t\tclass=\"sow-features-feature sow-icon-container-position-top\"\n\t\t\tstyle=\"display: flex; flex-direction: column; width: calc(33.333% - 25px);\"\n\t\t>\n\t\t\t\n\t\t\t\t\t\t<div\t\t\t\tclass=\"sow-icon-container sow-container-none\"\n\t\t\t\tstyle=\"color: #404040; \"\n\t\t\t\t\n\t\t\t\t\t\t\t>\n\t\t\t\t\t\t\t<\/div>\n\n\t\t\t<div class=\"textwidget\">\n\t\t\t\t\n\t\t\t\t\t\t\t\t\t<h5 class=\"sow-features-feature-title\">\n\t\t\t\t\t\tZadzwo\u0144\t\t\t\t\t<\/h5>\n\t\t\t\t\n\t\t\t\t\t\t\t\t\t<div class=\"sow-features-feature-text\">\n\t\t\t\t\t<p>+48 77 416 40 84<\/p>\n\t\t\t\t\t<\/div>\n\t\t\t\t\t\t\t\t<\/div>\n\t\t\t\t\t\t\t\t<\/li>\n\n\t\t\t<li\n\t\t\tclass=\"sow-features-feature sow-icon-container-position-top\"\n\t\t\tstyle=\"display: flex; flex-direction: column; width: calc(33.333% - 25px);\"\n\t\t>\n\t\t\t\n\t\t\t\t\t\t<div\t\t\t\tclass=\"sow-icon-container sow-container-none\"\n\t\t\t\tstyle=\"color: #404040; \"\n\t\t\t\t\n\t\t\t\t\t\t\t>\n\t\t\t\t<span class=\"sow-icon-fontawesome sow-fas\" data-sow-icon=\"&#xf041;\"\n\t\tstyle=\"font-size: 56px; color: #424242\" \n\t\taria-hidden=\"true\"><\/span>\t\t\t<\/div>\n\n\t\t\t<div class=\"textwidget\">\n\t\t\t\t\n\t\t\t\t\t\t\t\t\t<h5 class=\"sow-features-feature-title\">\n\t\t\t\t\t\tZnajdziesz nas tu\t\t\t\t\t<\/h5>\n\t\t\t\t\n\t\t\t\t\t\t\t\t\t<div class=\"sow-features-feature-text\">\n\t\t\t\t\t<p>Wierzbica G\u00f3rna 4, 46-250 Wo\u0142czyn<\/p>\n\t\t\t\t\t<\/div>\n\t\t\t\t\t\t\t\t<\/div>\n\t\t\t\t\t\t\t\t<\/li>\n\n\t\t\t<li\n\t\t\tclass=\"sow-features-feature sow-icon-container-position-top\"\n\t\t\tstyle=\"display: flex; flex-direction: column; width: calc(33.333% - 25px);\"\n\t\t>\n\t\t\t\n\t\t\t\t\t\t<div\t\t\t\tclass=\"sow-icon-container sow-container-none\"\n\t\t\t\tstyle=\"color: #404040; \"\n\t\t\t\t\n\t\t\t\t\t\t\t>\n\t\t\t\t<span class=\"sow-icon-fontawesome sow-far\" data-sow-icon=\"&#xf0e0;\"\n\t\tstyle=\"font-size: 56px; color: #424242\" \n\t\taria-hidden=\"true\"><\/span>\t\t\t<\/div>\n\n\t\t\t<div class=\"textwidget\">\n\t\t\t\t\n\t\t\t\t\t\t\t\t\t<h5 class=\"sow-features-feature-title\">\n\t\t\t\t\t\tNapisz wiadomo\u015b\u0107 na:\t\t\t\t\t<\/h5>\n\t\t\t\t\n\t\t\t\t\t\t\t\t\t<div class=\"sow-features-feature-text\">\n\t\t\t\t\t<p>dp@beto-met.pl<\/p>\n\t\t\t\t\t<\/div>\n\t\t\t\t\t\t\t\t<\/div>\n\t\t\t\t\t\t\t\t<\/li>\n\n\t<\/ul>\n<\/div><\/div><\/div><\/div><\/div><div id=\"pg-670-2\"  class=\"panel-grid panel-has-style\" ><div class=\"siteorigin-panels-stretch panel-row-style panel-row-style-for-670-2\" data-stretch-type=\"full-stretched\" ><div id=\"pgc-670-2-0\"  class=\"panel-grid-cell\" ><div id=\"panel-670-2-0-0\" class=\"so-panel widget widget_sow-google-map panel-first-child panel-last-child\" data-index=\"3\" ><div\n\t\t\t\n\t\t\tclass=\"so-widget-sow-google-map so-widget-sow-google-map-default-05ebfd8f3122-670\"\n\t\t\t\n\t\t>\n<div class=\"sow-google-map-canvas\"\n\tstyle=\"\"\n\tid=\"map-canvas-e29003fbeda141858c9ef3df38800194\"\n\tdata-options=\"{&quot;address&quot;:&quot;Wierzbica G\\u00f3rna 4, 46-250 Wo\\u0142czyn&quot;,&quot;zoom&quot;:15,&quot;mobileZoom&quot;:15,&quot;gestureHandling&quot;:&quot;greedy&quot;,&quot;disableUi&quot;:false,&quot;markerIcon&quot;:false,&quot;markersDraggable&quot;:false,&quot;markerAtCenter&quot;:true,&quot;markerInfoDisplay&quot;:&quot;click&quot;,&quot;markerInfoMultiple&quot;:false,&quot;markerPositions&quot;:false,&quot;mapName&quot;:&quot;Custom Map&quot;,&quot;mapStyles&quot;:[{&quot;featureType&quot;:&quot;administrative&quot;,&quot;elementType&quot;:&quot;labels.text.fill&quot;,&quot;stylers&quot;:[{&quot;color&quot;:&quot;#444444&quot;}]},{&quot;featureType&quot;:&quot;landscape&quot;,&quot;elementType&quot;:&quot;all&quot;,&quot;stylers&quot;:[{&quot;color&quot;:&quot;#f4f4f4&quot;}]},{&quot;featureType&quot;:&quot;poi&quot;,&quot;elementType&quot;:&quot;all&quot;,&quot;stylers&quot;:[{&quot;visibility&quot;:&quot;off&quot;}]},{&quot;featureType&quot;:&quot;road&quot;,&quot;elementType&quot;:&quot;all&quot;,&quot;stylers&quot;:[{&quot;saturation&quot;:-100},{&quot;lightness&quot;:45}]},{&quot;featureType&quot;:&quot;road.highway&quot;,&quot;elementType&quot;:&quot;all&quot;,&quot;stylers&quot;:[{&quot;visibility&quot;:&quot;simplified&quot;}]},{&quot;featureType&quot;:&quot;road.highway&quot;,&quot;elementType&quot;:&quot;geometry&quot;,&quot;stylers&quot;:[{&quot;visibility&quot;:&quot;simplified&quot;}]},{&quot;featureType&quot;:&quot;road.highway&quot;,&quot;elementType&quot;:&quot;geometry.fill&quot;,&quot;stylers&quot;:[{&quot;color&quot;:&quot;#ffce3d&quot;}]},{&quot;featureType&quot;:&quot;road.arterial&quot;,&quot;elementType&quot;:&quot;geometry.stroke&quot;,&quot;stylers&quot;:[{&quot;color&quot;:&quot;#ffce3d&quot;}]},{&quot;featureType&quot;:&quot;road.arterial&quot;,&quot;elementType&quot;:&quot;labels.icon&quot;,&quot;stylers&quot;:[{&quot;visibility&quot;:&quot;off&quot;}]},{&quot;featureType&quot;:&quot;road.local&quot;,&quot;elementType&quot;:&quot;geometry.stroke&quot;,&quot;stylers&quot;:[{&quot;visibility&quot;:&quot;on&quot;},{&quot;color&quot;:&quot;#ffce3d&quot;},{&quot;weight&quot;:&quot;0.52&quot;}]},{&quot;featureType&quot;:&quot;transit&quot;,&quot;elementType&quot;:&quot;all&quot;,&quot;stylers&quot;:[{&quot;visibility&quot;:&quot;off&quot;}]},{&quot;featureType&quot;:&quot;water&quot;,&quot;elementType&quot;:&quot;all&quot;,&quot;stylers&quot;:[{&quot;color&quot;:&quot;#f6e5b4&quot;},{&quot;visibility&quot;:&quot;on&quot;}]}],&quot;directions&quot;:&quot;&quot;,&quot;apiKey&quot;:&quot;&quot;,&quot;breakpoint&quot;:&quot;780&quot;}\"\n\tdata-fallback-image=\"{&quot;img&quot;:&quot;&quot;}\"><\/div>\n<\/div><\/div><\/div><\/div><\/div><\/div>","protected":false},"excerpt":{"rendered":"<p>Skontaktuj si\u0119 z nami! Napisz wiadomo\u015b\u0107 Napisz i zobaczymy czy jeste\u015bmy w stanie Ci pom\u00f3c Zadzwo\u0144 +48 77 416 40 [&hellip;]<\/p>\n","protected":false},"author":1,"featured_media":0,"parent":0,"menu_order":0,"comment_status":"closed","ping_status":"closed","template":"","meta":{"footnotes":""},"class_list":["post-670","page","type-page","status-publish","hentry"],"yoast_head":"<!-- This site is optimized with the Yoast SEO plugin v27.2 - https:\/\/yoast.com\/product\/yoast-seo-wordpress\/ -->\n<title>Kontakt EPS styropian - Betomet<\/title>\n<meta name=\"description\" content=\"Kontakt z nami w zakresie us\u0142ug frezowania styropian (EPS). Prosimy o kontakt pod adresem mailowym dp@beto-met.pl lub telefonicznie 774140213...\" \/>\n<meta name=\"robots\" content=\"index, follow, max-snippet:-1, max-image-preview:large, max-video-preview:-1\" \/>\n<link rel=\"canonical\" href=\"https:\/\/www.beto-met.pl\/eps\/kontakt\/\" \/>\n<meta property=\"og:locale\" content=\"pl_PL\" \/>\n<meta property=\"og:type\" content=\"article\" \/>\n<meta property=\"og:title\" content=\"Kontakt EPS styropian - Betomet\" \/>\n<meta property=\"og:description\" content=\"Kontakt z nami w zakresie us\u0142ug frezowania styropian (EPS). Prosimy o kontakt pod adresem mailowym dp@beto-met.pl lub telefonicznie 774140213...\" \/>\n<meta property=\"og:url\" content=\"https:\/\/www.beto-met.pl\/eps\/kontakt\/\" \/>\n<meta property=\"og:site_name\" content=\"Betomet EPS\" \/>\n<meta property=\"article:publisher\" content=\"https:\/\/www.facebook.com\/fabrykamaszyn\/\" \/>\n<meta property=\"article:modified_time\" content=\"2021-04-15T08:54:59+00:00\" \/>\n<meta name=\"twitter:card\" content=\"summary_large_image\" \/>\n<script type=\"application\/ld+json\" class=\"yoast-schema-graph\">{\"@context\":\"https:\/\/schema.org\",\"@graph\":[{\"@type\":\"WebPage\",\"@id\":\"https:\/\/www.beto-met.pl\/eps\/kontakt\/\",\"url\":\"https:\/\/www.beto-met.pl\/eps\/kontakt\/\",\"name\":\"Kontakt EPS styropian - Betomet\",\"isPartOf\":{\"@id\":\"https:\/\/www.beto-met.pl\/eps\/#website\"},\"datePublished\":\"2018-09-27T12:04:00+00:00\",\"dateModified\":\"2021-04-15T08:54:59+00:00\",\"description\":\"Kontakt z nami w zakresie us\u0142ug frezowania styropian (EPS). Prosimy o kontakt pod adresem mailowym dp@beto-met.pl lub telefonicznie 774140213...\",\"breadcrumb\":{\"@id\":\"https:\/\/www.beto-met.pl\/eps\/kontakt\/#breadcrumb\"},\"inLanguage\":\"pl-PL\",\"potentialAction\":[{\"@type\":\"ReadAction\",\"target\":[\"https:\/\/www.beto-met.pl\/eps\/kontakt\/\"]}]},{\"@type\":\"BreadcrumbList\",\"@id\":\"https:\/\/www.beto-met.pl\/eps\/kontakt\/#breadcrumb\",\"itemListElement\":[{\"@type\":\"ListItem\",\"position\":1,\"name\":\"Strona g\u0142\u00f3wna\",\"item\":\"https:\/\/www.beto-met.pl\/eps\/\"},{\"@type\":\"ListItem\",\"position\":2,\"name\":\"Kontakt\"}]},{\"@type\":\"WebSite\",\"@id\":\"https:\/\/www.beto-met.pl\/eps\/#website\",\"url\":\"https:\/\/www.beto-met.pl\/eps\/\",\"name\":\"Betomet Sp.z o.o. EPS\",\"description\":\"Wiemy wszystko o styropianie!\",\"publisher\":{\"@id\":\"https:\/\/www.beto-met.pl\/eps\/#organization\"},\"potentialAction\":[{\"@type\":\"SearchAction\",\"target\":{\"@type\":\"EntryPoint\",\"urlTemplate\":\"https:\/\/www.beto-met.pl\/eps\/?s={search_term_string}\"},\"query-input\":{\"@type\":\"PropertyValueSpecification\",\"valueRequired\":true,\"valueName\":\"search_term_string\"}}],\"inLanguage\":\"pl-PL\"},{\"@type\":\"Organization\",\"@id\":\"https:\/\/www.beto-met.pl\/eps\/#organization\",\"name\":\"Betomet Sp.z o.o. EPS - obr\u00f3bka styropianu\",\"url\":\"https:\/\/www.beto-met.pl\/eps\/\",\"logo\":{\"@type\":\"ImageObject\",\"inLanguage\":\"pl-PL\",\"@id\":\"https:\/\/www.beto-met.pl\/eps\/#\/schema\/logo\/image\/\",\"url\":\"https:\/\/www.beto-met.pl\/eps\/wp-content\/uploads\/2018\/09\/BETOMETlogo-1.png\",\"contentUrl\":\"https:\/\/www.beto-met.pl\/eps\/wp-content\/uploads\/2018\/09\/BETOMETlogo-1.png\",\"width\":150,\"height\":111,\"caption\":\"Betomet Sp.z o.o. EPS - obr\u00f3bka styropianu\"},\"image\":{\"@id\":\"https:\/\/www.beto-met.pl\/eps\/#\/schema\/logo\/image\/\"},\"sameAs\":[\"https:\/\/www.facebook.com\/fabrykamaszyn\/\"]}]}<\/script>\n<!-- \/ Yoast SEO plugin. -->","yoast_head_json":{"title":"Kontakt EPS styropian - Betomet","description":"Kontakt z nami w zakresie us\u0142ug frezowania styropian (EPS). Prosimy o kontakt pod adresem mailowym dp@beto-met.pl lub telefonicznie 774140213...","robots":{"index":"index","follow":"follow","max-snippet":"max-snippet:-1","max-image-preview":"max-image-preview:large","max-video-preview":"max-video-preview:-1"},"canonical":"https:\/\/www.beto-met.pl\/eps\/kontakt\/","og_locale":"pl_PL","og_type":"article","og_title":"Kontakt EPS styropian - Betomet","og_description":"Kontakt z nami w zakresie us\u0142ug frezowania styropian (EPS). Prosimy o kontakt pod adresem mailowym dp@beto-met.pl lub telefonicznie 774140213...","og_url":"https:\/\/www.beto-met.pl\/eps\/kontakt\/","og_site_name":"Betomet EPS","article_publisher":"https:\/\/www.facebook.com\/fabrykamaszyn\/","article_modified_time":"2021-04-15T08:54:59+00:00","twitter_card":"summary_large_image","schema":{"@context":"https:\/\/schema.org","@graph":[{"@type":"WebPage","@id":"https:\/\/www.beto-met.pl\/eps\/kontakt\/","url":"https:\/\/www.beto-met.pl\/eps\/kontakt\/","name":"Kontakt EPS styropian - Betomet","isPartOf":{"@id":"https:\/\/www.beto-met.pl\/eps\/#website"},"datePublished":"2018-09-27T12:04:00+00:00","dateModified":"2021-04-15T08:54:59+00:00","description":"Kontakt z nami w zakresie us\u0142ug frezowania styropian (EPS). Prosimy o kontakt pod adresem mailowym dp@beto-met.pl lub telefonicznie 774140213...","breadcrumb":{"@id":"https:\/\/www.beto-met.pl\/eps\/kontakt\/#breadcrumb"},"inLanguage":"pl-PL","potentialAction":[{"@type":"ReadAction","target":["https:\/\/www.beto-met.pl\/eps\/kontakt\/"]}]},{"@type":"BreadcrumbList","@id":"https:\/\/www.beto-met.pl\/eps\/kontakt\/#breadcrumb","itemListElement":[{"@type":"ListItem","position":1,"name":"Strona g\u0142\u00f3wna","item":"https:\/\/www.beto-met.pl\/eps\/"},{"@type":"ListItem","position":2,"name":"Kontakt"}]},{"@type":"WebSite","@id":"https:\/\/www.beto-met.pl\/eps\/#website","url":"https:\/\/www.beto-met.pl\/eps\/","name":"Betomet Sp.z o.o. EPS","description":"Wiemy wszystko o styropianie!","publisher":{"@id":"https:\/\/www.beto-met.pl\/eps\/#organization"},"potentialAction":[{"@type":"SearchAction","target":{"@type":"EntryPoint","urlTemplate":"https:\/\/www.beto-met.pl\/eps\/?s={search_term_string}"},"query-input":{"@type":"PropertyValueSpecification","valueRequired":true,"valueName":"search_term_string"}}],"inLanguage":"pl-PL"},{"@type":"Organization","@id":"https:\/\/www.beto-met.pl\/eps\/#organization","name":"Betomet Sp.z o.o. EPS - obr\u00f3bka styropianu","url":"https:\/\/www.beto-met.pl\/eps\/","logo":{"@type":"ImageObject","inLanguage":"pl-PL","@id":"https:\/\/www.beto-met.pl\/eps\/#\/schema\/logo\/image\/","url":"https:\/\/www.beto-met.pl\/eps\/wp-content\/uploads\/2018\/09\/BETOMETlogo-1.png","contentUrl":"https:\/\/www.beto-met.pl\/eps\/wp-content\/uploads\/2018\/09\/BETOMETlogo-1.png","width":150,"height":111,"caption":"Betomet Sp.z o.o. EPS - obr\u00f3bka styropianu"},"image":{"@id":"https:\/\/www.beto-met.pl\/eps\/#\/schema\/logo\/image\/"},"sameAs":["https:\/\/www.facebook.com\/fabrykamaszyn\/"]}]}},"_links":{"self":[{"href":"https:\/\/www.beto-met.pl\/eps\/wp-json\/wp\/v2\/pages\/670","targetHints":{"allow":["GET"]}}],"collection":[{"href":"https:\/\/www.beto-met.pl\/eps\/wp-json\/wp\/v2\/pages"}],"about":[{"href":"https:\/\/www.beto-met.pl\/eps\/wp-json\/wp\/v2\/types\/page"}],"author":[{"embeddable":true,"href":"https:\/\/www.beto-met.pl\/eps\/wp-json\/wp\/v2\/users\/1"}],"replies":[{"embeddable":true,"href":"https:\/\/www.beto-met.pl\/eps\/wp-json\/wp\/v2\/comments?post=670"}],"version-history":[{"count":14,"href":"https:\/\/www.beto-met.pl\/eps\/wp-json\/wp\/v2\/pages\/670\/revisions"}],"predecessor-version":[{"id":870,"href":"https:\/\/www.beto-met.pl\/eps\/wp-json\/wp\/v2\/pages\/670\/revisions\/870"}],"wp:attachment":[{"href":"https:\/\/www.beto-met.pl\/eps\/wp-json\/wp\/v2\/media?parent=670"}],"curies":[{"name":"wp","href":"https:\/\/api.w.org\/{rel}","templated":true}]}}