{"id":1257,"date":"2020-07-22T11:54:43","date_gmt":"2020-07-22T09:54:43","guid":{"rendered":"https:\/\/www.beto-met.pl\/pl\/?page_id=1257"},"modified":"2021-05-11T13:06:08","modified_gmt":"2021-05-11T11:06:08","slug":"wiertnice","status":"publish","type":"page","link":"https:\/\/www.beto-met.pl\/pl\/wiertnice\/","title":{"rendered":"Wiertnice"},"content":{"rendered":"\t\t<div data-elementor-type=\"wp-post\" data-elementor-id=\"1257\" class=\"elementor elementor-1257\" data-elementor-post-type=\"page\">\n\t\t\t\t\t\t<section class=\"elementor-section elementor-top-section elementor-element elementor-element-2928e62 elementor-section-full_width elementor-section-height-default elementor-section-height-default\" data-id=\"2928e62\" data-element_type=\"section\" data-e-type=\"section\">\n\t\t\t\t\t\t<div class=\"elementor-container elementor-column-gap-no\">\n\t\t\t\t\t<div class=\"elementor-column elementor-col-50 elementor-top-column elementor-element elementor-element-9fdc007\" data-id=\"9fdc007\" data-element_type=\"column\" data-e-type=\"column\">\n\t\t\t<div class=\"elementor-widget-wrap elementor-element-populated\">\n\t\t\t\t\t\t<div class=\"elementor-element elementor-element-ce3676f elementor-widget__width-inherit elementor--h-position-center elementor--v-position-middle elementor-pagination-position-inside elementor-widget elementor-widget-slides\" data-id=\"ce3676f\" data-element_type=\"widget\" data-e-type=\"widget\" data-settings=\"{&quot;navigation&quot;:&quot;dots&quot;,&quot;autoplay&quot;:&quot;yes&quot;,&quot;pause_on_hover&quot;:&quot;yes&quot;,&quot;pause_on_interaction&quot;:&quot;yes&quot;,&quot;autoplay_speed&quot;:5000,&quot;infinite&quot;:&quot;yes&quot;,&quot;transition&quot;:&quot;slide&quot;,&quot;transition_speed&quot;:500}\" data-widget_type=\"slides.default\">\n\t\t\t\t\t\t\t\t\t\t<div class=\"elementor-slides-wrapper elementor-main-swiper swiper\" role=\"region\" aria-roledescription=\"carousel\" aria-label=\"Slajdy\" dir=\"ltr\" data-animation=\"\">\n\t\t\t\t<div class=\"swiper-wrapper elementor-slides\">\n\t\t\t\t\t\t\t\t\t\t<div class=\"elementor-repeater-item-a860ef3 swiper-slide\" role=\"group\" aria-roledescription=\"slide\"><div class=\"swiper-slide-bg\"><\/div><div class=\"swiper-slide-inner\" ><div class=\"swiper-slide-contents\"><div class=\"elementor-slide-heading\">Wiertnice BST<\/div><div class=\"elementor-slide-description\">DN 1500 - DN 2000 - DN 3000<\/div><\/div><\/div><\/div>\t\t\t\t<\/div>\n\t\t\t\t\t\t\t<\/div>\n\t\t\t\t\t\t\t\t<\/div>\n\t\t\t\t\t<\/div>\n\t\t<\/div>\n\t\t\t\t<div class=\"elementor-column elementor-col-50 elementor-top-column elementor-element elementor-element-b0ce1bc\" data-id=\"b0ce1bc\" data-element_type=\"column\" data-e-type=\"column\">\n\t\t\t<div class=\"elementor-widget-wrap elementor-element-populated\">\n\t\t\t\t\t\t<div class=\"elementor-element elementor-element-b191db1 elementor--h-position-center elementor--v-position-middle elementor-arrows-position-inside elementor-pagination-position-inside elementor-widget elementor-widget-slides\" data-id=\"b191db1\" data-element_type=\"widget\" data-e-type=\"widget\" data-settings=\"{&quot;navigation&quot;:&quot;both&quot;,&quot;autoplay&quot;:&quot;yes&quot;,&quot;pause_on_hover&quot;:&quot;yes&quot;,&quot;pause_on_interaction&quot;:&quot;yes&quot;,&quot;autoplay_speed&quot;:5000,&quot;infinite&quot;:&quot;yes&quot;,&quot;transition&quot;:&quot;slide&quot;,&quot;transition_speed&quot;:500}\" data-widget_type=\"slides.default\">\n\t\t\t\t\t\t\t\t\t\t<div class=\"elementor-slides-wrapper elementor-main-swiper swiper\" role=\"region\" aria-roledescription=\"carousel\" aria-label=\"Slajdy\" dir=\"ltr\" data-animation=\"fadeInUp\">\n\t\t\t\t<div class=\"swiper-wrapper elementor-slides\">\n\t\t\t\t\t\t\t\t\t\t<div class=\"elementor-repeater-item-ba47f10 swiper-slide\" role=\"group\" aria-roledescription=\"slide\"><div class=\"swiper-slide-bg elementor-ken-burns elementor-ken-burns--in\" role=\"img\" aria-label=\"Wiertnica\"><\/div><div class=\"swiper-slide-inner\" ><div class=\"swiper-slide-contents\"><\/div><\/div><\/div><div class=\"elementor-repeater-item-6cb039e swiper-slide\" role=\"group\" aria-roledescription=\"slide\"><div class=\"swiper-slide-bg elementor-ken-burns elementor-ken-burns--in\" role=\"img\" aria-label=\"Wiertnica BST\"><\/div><div class=\"swiper-slide-inner\" ><div class=\"swiper-slide-contents\"><\/div><\/div><\/div><div class=\"elementor-repeater-item-e26d54c swiper-slide\" role=\"group\" aria-roledescription=\"slide\"><div class=\"swiper-slide-bg elementor-ken-burns elementor-ken-burns--in\" role=\"img\" aria-label=\"Oprogamowanie\"><\/div><div class=\"swiper-slide-inner\" ><div class=\"swiper-slide-contents\"><\/div><\/div><\/div>\t\t\t\t<\/div>\n\t\t\t\t\t\t\t\t\t\t\t\t\t\t\t<div class=\"elementor-swiper-button elementor-swiper-button-prev\" role=\"button\" tabindex=\"0\" aria-label=\"Previous slide\">\n\t\t\t\t\t\t\t<svg aria-hidden=\"true\" class=\"e-font-icon-svg e-eicon-chevron-left\" viewBox=\"0 0 1000 1000\" xmlns=\"http:\/\/www.w3.org\/2000\/svg\"><path d=\"M646 125C629 125 613 133 604 142L308 442C296 454 292 471 292 487 292 504 296 521 308 533L604 854C617 867 629 875 646 875 663 875 679 871 692 858 704 846 713 829 713 812 713 796 708 779 692 767L438 487 692 225C700 217 708 204 708 187 708 171 704 154 692 142 675 129 663 125 646 125Z\"><\/path><\/svg>\t\t\t\t\t\t<\/div>\n\t\t\t\t\t\t<div class=\"elementor-swiper-button elementor-swiper-button-next\" role=\"button\" tabindex=\"0\" aria-label=\"Next slide\">\n\t\t\t\t\t\t\t<svg aria-hidden=\"true\" class=\"e-font-icon-svg e-eicon-chevron-right\" viewBox=\"0 0 1000 1000\" xmlns=\"http:\/\/www.w3.org\/2000\/svg\"><path d=\"M696 533C708 521 713 504 713 487 713 471 708 454 696 446L400 146C388 133 375 125 354 125 338 125 325 129 313 142 300 154 292 171 292 187 292 204 296 221 308 233L563 492 304 771C292 783 288 800 288 817 288 833 296 850 308 863 321 871 338 875 354 875 371 875 388 867 400 854L696 533Z\"><\/path><\/svg>\t\t\t\t\t\t<\/div>\n\t\t\t\t\t\t\t\t\t\t\t\t\t\t\t\t<div class=\"swiper-pagination\"><\/div>\n\t\t\t\t\t\t\t\t\t\t\t\t<\/div>\n\t\t\t\t\t\t\t\t<\/div>\n\t\t\t\t\t<\/div>\n\t\t<\/div>\n\t\t\t\t\t<\/div>\n\t\t<\/section>\n\t\t\t\t<section class=\"elementor-section elementor-top-section elementor-element elementor-element-462732b elementor-section-boxed elementor-section-height-default elementor-section-height-default\" data-id=\"462732b\" data-element_type=\"section\" data-e-type=\"section\" data-settings=\"{&quot;background_background&quot;:&quot;gradient&quot;}\">\n\t\t\t\t\t\t<div class=\"elementor-container elementor-column-gap-default\">\n\t\t\t\t\t<div class=\"elementor-column elementor-col-100 elementor-top-column elementor-element elementor-element-ec8e2ad\" data-id=\"ec8e2ad\" data-element_type=\"column\" data-e-type=\"column\">\n\t\t\t<div class=\"elementor-widget-wrap elementor-element-populated\">\n\t\t\t\t\t\t<div class=\"elementor-element elementor-element-4e7c33c elementor-widget elementor-widget-text-editor\" data-id=\"4e7c33c\" data-element_type=\"widget\" data-e-type=\"widget\" data-widget_type=\"text-editor.default\">\n\t\t\t\t\t\t\t\t\t<p><strong>Bazuj\u0105ca na ramie g\u0142\u00f3wnej i na hydraulicznie obracanym stole no\u015bnym.<\/strong><br \/><strong>Wiertnica s\u0142u\u017cy do wiercenia otwor\u00f3w w dennicach oraz zbiornikach betonowych do DN 3000mm (\u00d8 zew 3300mm) wysoko\u015bci H-2650 mm oraz wadze nie przekraczaj\u0105cej 12.000 kg. <\/strong><br \/><strong>Uwzgl\u0119dniaj\u0105c specyficzne wytyczne, maszyna ta nie mo\u017ce by\u0107 u\u017cywana do innych ni\u017c przewidziano zada\u0144. Bazuje ona na ramie g\u0142\u00f3wnej oraz na hydraulicznie obracanym stole. Wyposa\u017cona w boczne kurtyny ochronne TWS przed pryskaniem urobku. <\/strong><br \/><strong>Operator ma do dyspozycji pulpit sterowniczy ze sterowaniem PLC, wyposa\u017cony w pe\u0142ni dotykowy panel HMI z oknem dialogowym, w kt\u00f3rym podawane s\u0105 wszystkie parametry technologiczne.<\/strong><br \/><strong>Maksymalna \u015brednica wierconego otworu przy zastosowaniu odpowiedniej koronki to \u00d81200, natomiast najmniejszym otworem\/koronk\u0105 jest otw\u00f3r \u00d8150. Wiertnica wyposa\u017cona w agregat hydrauliczny ze stopniow\u0105 regulacj\u0105 obrot\u00f3w wiert\u0142a, od 0 obr\/min. do max. 400 obr\/min. <\/strong><br \/><strong>Po ustawianiu produktu na stole obrotowym i po wyzerowaniu wiertnicy operator wsp\u00f3\u0142rz\u0119dn\u0105 wlotu studni, wiertnica automatycznie dopasuje wysoko\u015b\u0107 na maszcie. Wiercenie wykonuj\u0119 operator poprzez dobranie odpowiednich obrot\u00f3w oraz si\u0142y docisku u\u017cywaj\u0105c do tego potencjometr\u00f3w. Po wykonaniu odwiertu operator wprowadza wsp\u00f3\u0142rz\u0119dne wylotu nr 1, k\u0105t sto\u0142u, wysoko\u015b\u0107 wylotu ustawia si\u0119 automatycznie, w trybie wiercenia operator dobiera obroty oraz si\u0142\u0119 docisku r\u0119cznie. Po wykonaniu odwiertu operator wprowadza wsp\u00f3\u0142rz\u0119dna wylotu nr 2, k\u0105t sto\u0142u, wysoko\u015b\u0107 wylotu ustawia si\u0119 automatycznie, w trybie wiercenia operator dobiera obroty oraz si\u0142\u0119 docisku r\u0119cznie. W celu zachowania \u017cywotno\u015bci, stale podawana jest woda ch\u0142odz\u0105ca w miejsce odwiertu. Operator ma mo\u017cliwo\u015b\u0107 przesuwu kolumny o warto\u015b\u0107 +\/500mm od osi, przesuw odbywa si\u0119 poprzez \u015brub\u0119 trapezow\u0105 wyposa\u017con\u0105 w enkoder do precyzyjnego ustalenia pozycji. <\/strong><\/p><p><strong>Parametry techniczne:<\/strong><br \/><strong>&#8211; Maksymalna no\u015bno\u015b\u0107 7.000 kg<\/strong><br \/><strong>&#8211; Maksymalna wysoko\u015b\u0107 produktu 2000-2500 mm<\/strong><br \/><strong>&#8211; Agregat hydrauliczny 150-cio litrowy zbiornik z filtrem i ch\u0142odnic\u0105, pompa z\u0119bata 120 bar. i pompa t\u0142oczkowa 250 bar. Sterowanie proporcjonalne<\/strong><br \/><strong>&#8211; Boczne os\u0142ony z TWS. Do ochrony przed pryskaniem<\/strong><br \/><strong>&#8211; Maksymalna \u015brednica wierconego otworu fi 1000<\/strong><br \/><strong>&#8211; Maksymalne obroty wiert\u0142a 400o\/min.<\/strong><br \/><strong>&#8211; Mocowanie Wiert\u0142a 1 1\/4&#8243;<\/strong><br \/><strong>&#8211; Sterowanie PLC, wy\u015bwietlacz HMI dotykowy(ustawienia k\u0105ta, wysoko\u015bci wiert\u0142a w trybie automatycznym)<\/strong><br \/><strong>&#8211; Dopuszczanie wody ch\u0142odz\u0105cej poprzez elektrozaw\u00f3r<\/strong><br \/><strong>&#8211; Laserowy odczyt po\u0142o\u017cenia wiert\u0142a<\/strong><br \/><strong>&#8211; P\u0142ynna regulacja obrot\u00f3w wiert\u0142a 0-400 o\/min<\/strong><br \/><strong>&#8211; P\u0142ynna regulacja si\u0142y docisku wiert\u0142a<\/strong><br \/><strong>&#8211; Odczyt ci\u015bnienia na manometrach<\/strong><\/p><p><strong>Opis pracy:<\/strong><\/p><p><strong>Po ustawieniu produktu na stole obrotowym i po wyzerowaniu wiertnicy podajemy wsp\u00f3\u0142rz\u0119dn\u0105 wylotu studni, wiertnica automatycznie dopasuje wysoko\u015b\u0107 na maszcie, wiercenie wykonuj\u0119 operator poprzez dobranie odpowiednich obrot\u00f3w, si\u0142y docisku, u\u017cywaj\u0105c do tego potencjometr\u00f3w.<\/strong><\/p><p><strong>Pow wykonaniu odwiertu operator wprowadza wsp\u00f3\u0142rz\u0119dn\u0105 wlotu nr. 1, podaje nast\u0119pnie k\u0105t sto\u0142u, wysoko\u015b\u0107 wylotu ustawia si\u0119 automatycznie, w trybie wiercenia operator dobiera obroty oraz si\u0142\u0119 docisku r\u0119cznie.<\/strong><\/p><p><strong>Po wykonaniu pierwszego odwiertu operator wprowadza wsp\u00f3\u0142rz\u0119dn\u0105 wlotu nr. 2, podaje nast\u0119pnie k\u0105t sto\u0142u, wysoko\u015b\u0107 wylotu ustawia si\u0119 automatycznie, w trybie wiercenia operator dobiera obroty oraz si\u0142\u0119 docisku r\u0119cznie.<\/strong><\/p><p><strong>Czynno\u015bci s\u0105 powtarzalne.<\/strong><\/p>\t\t\t\t\t\t\t\t<\/div>\n\t\t\t\t\t<\/div>\n\t\t<\/div>\n\t\t\t\t\t<\/div>\n\t\t<\/section>\n\t\t\t\t<section class=\"elementor-section elementor-top-section elementor-element elementor-element-c1f8082 elementor-section-full_width elementor-section-height-default elementor-section-height-default\" data-id=\"c1f8082\" data-element_type=\"section\" data-e-type=\"section\">\n\t\t\t\t\t\t<div class=\"elementor-container elementor-column-gap-default\">\n\t\t\t\t\t<div class=\"elementor-column elementor-col-100 elementor-top-column elementor-element elementor-element-f551a8a\" data-id=\"f551a8a\" data-element_type=\"column\" data-e-type=\"column\">\n\t\t\t<div class=\"elementor-widget-wrap elementor-element-populated\">\n\t\t\t\t\t\t<div class=\"elementor-element elementor-element-02e0766 elementor-widget-divider--view-line elementor-widget elementor-widget-divider\" data-id=\"02e0766\" data-element_type=\"widget\" data-e-type=\"widget\" data-widget_type=\"divider.default\">\n\t\t\t\t\t\t\t<div class=\"elementor-divider\">\n\t\t\t<span class=\"elementor-divider-separator\">\n\t\t\t\t\t\t<\/span>\n\t\t<\/div>\n\t\t\t\t\t\t<\/div>\n\t\t\t\t\t<\/div>\n\t\t<\/div>\n\t\t\t\t\t<\/div>\n\t\t<\/section>\n\t\t\t\t<section class=\"elementor-section elementor-top-section elementor-element elementor-element-0c955ff elementor-section-boxed elementor-section-height-default elementor-section-height-default\" data-id=\"0c955ff\" data-element_type=\"section\" data-e-type=\"section\">\n\t\t\t\t\t\t<div class=\"elementor-container elementor-column-gap-default\">\n\t\t\t\t\t<div class=\"elementor-column elementor-col-100 elementor-top-column elementor-element elementor-element-fd171be\" data-id=\"fd171be\" data-element_type=\"column\" data-e-type=\"column\">\n\t\t\t<div class=\"elementor-widget-wrap elementor-element-populated\">\n\t\t\t\t\t\t<div class=\"elementor-element elementor-element-36eeab8 elementor-widget elementor-widget-video\" data-id=\"36eeab8\" data-element_type=\"widget\" data-e-type=\"widget\" data-settings=\"{&quot;youtube_url&quot;:&quot;https:\\\/\\\/www.youtube.com\\\/watch?v=F0Y5DWAa_lc&amp;feature=emb_title&quot;,&quot;video_type&quot;:&quot;youtube&quot;,&quot;controls&quot;:&quot;yes&quot;}\" data-widget_type=\"video.default\">\n\t\t\t\t\t\t\t<div class=\"elementor-wrapper elementor-open-inline\">\n\t\t\t<div class=\"elementor-video\"><\/div>\t\t<\/div>\n\t\t\t\t\t\t<\/div>\n\t\t\t\t\t<\/div>\n\t\t<\/div>\n\t\t\t\t\t<\/div>\n\t\t<\/section>\n\t\t\t\t<\/div>\n\t\t","protected":false},"excerpt":{"rendered":"<p>Wiertnice BSTDN 1500 &#8211; DN 2000 &#8211; DN 3000 Previous Next Bazuj\u0105ca na ramie g\u0142\u00f3wnej i na hydraulicznie obracanym stole no\u015bnym. Wiertnica s\u0142u\u017cy do wiercenia otwor\u00f3w w dennicach oraz zbiornikach betonowych do DN 3000mm (\u00d8 zew 3300mm) wysoko\u015bci H-2650 mm oraz wadze nie przekraczaj\u0105cej 12.000 kg. Uwzgl\u0119dniaj\u0105c specyficzne wytyczne, maszyna ta nie mo\u017ce by\u0107 u\u017cywana [&hellip;]<\/p>\n","protected":false},"author":1,"featured_media":780,"parent":0,"menu_order":0,"comment_status":"closed","ping_status":"closed","template":"","meta":{"ocean_post_layout":"full-screen","ocean_both_sidebars_style":"","ocean_both_sidebars_content_width":0,"ocean_both_sidebars_sidebars_width":0,"ocean_sidebar":"0","ocean_second_sidebar":"0","ocean_disable_margins":"enable","ocean_add_body_class":"","ocean_shortcode_before_top_bar":"","ocean_shortcode_after_top_bar":"","ocean_shortcode_before_header":"","ocean_shortcode_after_header":"","ocean_has_shortcode":"","ocean_shortcode_after_title":"","ocean_shortcode_before_footer_widgets":"","ocean_shortcode_after_footer_widgets":"","ocean_shortcode_before_footer_bottom":"","ocean_shortcode_after_footer_bottom":"","ocean_display_top_bar":"default","ocean_display_header":"default","ocean_header_style":"","ocean_center_header_left_menu":"0","ocean_custom_header_template":"0","ocean_custom_logo":0,"ocean_custom_retina_logo":0,"ocean_custom_logo_max_width":0,"ocean_custom_logo_tablet_max_width":0,"ocean_custom_logo_mobile_max_width":0,"ocean_custom_logo_max_height":0,"ocean_custom_logo_tablet_max_height":0,"ocean_custom_logo_mobile_max_height":0,"ocean_header_custom_menu":"0","ocean_menu_typo_font_family":"0","ocean_menu_typo_font_subset":"","ocean_menu_typo_font_size":0,"ocean_menu_typo_font_size_tablet":0,"ocean_menu_typo_font_size_mobile":0,"ocean_menu_typo_font_size_unit":"px","ocean_menu_typo_font_weight":"","ocean_menu_typo_font_weight_tablet":"","ocean_menu_typo_font_weight_mobile":"","ocean_menu_typo_transform":"","ocean_menu_typo_transform_tablet":"","ocean_menu_typo_transform_mobile":"","ocean_menu_typo_line_height":0,"ocean_menu_typo_line_height_tablet":0,"ocean_menu_typo_line_height_mobile":0,"ocean_menu_typo_line_height_unit":"","ocean_menu_typo_spacing":0,"ocean_menu_typo_spacing_tablet":0,"ocean_menu_typo_spacing_mobile":0,"ocean_menu_typo_spacing_unit":"","ocean_menu_link_color":"","ocean_menu_link_color_hover":"","ocean_menu_link_color_active":"","ocean_menu_link_background":"","ocean_menu_link_hover_background":"","ocean_menu_link_active_background":"","ocean_menu_social_links_bg":"","ocean_menu_social_hover_links_bg":"","ocean_menu_social_links_color":"","ocean_menu_social_hover_links_color":"","ocean_disable_title":"enable","ocean_disable_heading":"enable","ocean_post_title":"","ocean_post_subheading":"","ocean_post_title_style":"","ocean_post_title_background_color":"","ocean_post_title_background":0,"ocean_post_title_bg_image_position":"","ocean_post_title_bg_image_attachment":"","ocean_post_title_bg_image_repeat":"","ocean_post_title_bg_image_size":"","ocean_post_title_height":0,"ocean_post_title_bg_overlay":0.5,"ocean_post_title_bg_overlay_color":"","ocean_disable_breadcrumbs":"default","ocean_breadcrumbs_color":"","ocean_breadcrumbs_separator_color":"","ocean_breadcrumbs_links_color":"","ocean_breadcrumbs_links_hover_color":"","ocean_display_footer_widgets":"default","ocean_display_footer_bottom":"default","ocean_custom_footer_template":"0","footnotes":"","_links_to":"","_links_to_target":""},"class_list":["post-1257","page","type-page","status-publish","has-post-thumbnail","hentry","entry","has-media"],"_links":{"self":[{"href":"https:\/\/www.beto-met.pl\/pl\/wp-json\/wp\/v2\/pages\/1257","targetHints":{"allow":["GET"]}}],"collection":[{"href":"https:\/\/www.beto-met.pl\/pl\/wp-json\/wp\/v2\/pages"}],"about":[{"href":"https:\/\/www.beto-met.pl\/pl\/wp-json\/wp\/v2\/types\/page"}],"author":[{"embeddable":true,"href":"https:\/\/www.beto-met.pl\/pl\/wp-json\/wp\/v2\/users\/1"}],"replies":[{"embeddable":true,"href":"https:\/\/www.beto-met.pl\/pl\/wp-json\/wp\/v2\/comments?post=1257"}],"version-history":[{"count":1,"href":"https:\/\/www.beto-met.pl\/pl\/wp-json\/wp\/v2\/pages\/1257\/revisions"}],"predecessor-version":[{"id":3336,"href":"https:\/\/www.beto-met.pl\/pl\/wp-json\/wp\/v2\/pages\/1257\/revisions\/3336"}],"wp:featuredmedia":[{"embeddable":true,"href":"https:\/\/www.beto-met.pl\/pl\/wp-json\/wp\/v2\/media\/780"}],"wp:attachment":[{"href":"https:\/\/www.beto-met.pl\/pl\/wp-json\/wp\/v2\/media?parent=1257"}],"curies":[{"name":"wp","href":"https:\/\/api.w.org\/{rel}","templated":true}]}}