{"id":1583,"date":"2020-07-23T11:54:22","date_gmt":"2020-07-23T09:54:22","guid":{"rendered":"https:\/\/www.beto-met.pl\/pl\/?page_id=1583"},"modified":"2021-07-26T14:31:50","modified_gmt":"2021-07-26T12:31:50","slug":"forma-kped-01-20","status":"publish","type":"page","link":"https:\/\/www.beto-met.pl\/pl\/forma-kped-01-20\/","title":{"rendered":"Forma KPED 01.20"},"content":{"rendered":"\t\t<div data-elementor-type=\"wp-post\" data-elementor-id=\"1583\" class=\"elementor elementor-1583\" data-elementor-post-type=\"page\">\n\t\t\t\t\t\t<section class=\"elementor-section elementor-top-section elementor-element elementor-element-2928e62 elementor-section-boxed elementor-section-height-default elementor-section-height-default\" data-id=\"2928e62\" data-element_type=\"section\" data-e-type=\"section\">\n\t\t\t\t\t\t<div class=\"elementor-container elementor-column-gap-no\">\n\t\t\t\t\t<div class=\"elementor-column elementor-col-50 elementor-top-column elementor-element elementor-element-9fdc007\" data-id=\"9fdc007\" data-element_type=\"column\" data-e-type=\"column\">\n\t\t\t<div class=\"elementor-widget-wrap elementor-element-populated\">\n\t\t\t\t\t\t<div class=\"elementor-element elementor-element-ce3676f elementor-widget__width-inherit elementor--h-position-center elementor--v-position-middle elementor-pagination-position-inside elementor-widget elementor-widget-slides\" data-id=\"ce3676f\" data-element_type=\"widget\" data-e-type=\"widget\" data-settings=\"{&quot;navigation&quot;:&quot;dots&quot;,&quot;autoplay&quot;:&quot;yes&quot;,&quot;pause_on_hover&quot;:&quot;yes&quot;,&quot;pause_on_interaction&quot;:&quot;yes&quot;,&quot;autoplay_speed&quot;:5000,&quot;infinite&quot;:&quot;yes&quot;,&quot;transition&quot;:&quot;slide&quot;,&quot;transition_speed&quot;:500}\" data-widget_type=\"slides.default\">\n\t\t\t\t\t\t\t\t\t\t<div class=\"elementor-slides-wrapper elementor-main-swiper swiper\" role=\"region\" aria-roledescription=\"carousel\" aria-label=\"Slajdy\" dir=\"ltr\" data-animation=\"\">\n\t\t\t\t<div class=\"swiper-wrapper elementor-slides\">\n\t\t\t\t\t\t\t\t\t\t<div class=\"elementor-repeater-item-a860ef3 swiper-slide\" role=\"group\" aria-roledescription=\"slide\"><div class=\"swiper-slide-bg\"><\/div><div class=\"swiper-slide-inner\" ><div class=\"swiper-slide-contents\"><div class=\"elementor-slide-heading\">Forma KPED 01.20<\/div><\/div><\/div><\/div>\t\t\t\t<\/div>\n\t\t\t\t\t\t\t<\/div>\n\t\t\t\t\t\t\t\t<\/div>\n\t\t\t\t\t<\/div>\n\t\t<\/div>\n\t\t\t\t<div class=\"elementor-column elementor-col-50 elementor-top-column elementor-element elementor-element-b0ce1bc\" data-id=\"b0ce1bc\" data-element_type=\"column\" data-e-type=\"column\">\n\t\t\t<div class=\"elementor-widget-wrap elementor-element-populated\">\n\t\t\t\t\t\t<div class=\"elementor-element elementor-element-b191db1 elementor--h-position-center elementor--v-position-middle elementor-arrows-position-inside elementor-pagination-position-inside elementor-widget elementor-widget-slides\" data-id=\"b191db1\" data-element_type=\"widget\" data-e-type=\"widget\" data-settings=\"{&quot;navigation&quot;:&quot;both&quot;,&quot;autoplay&quot;:&quot;yes&quot;,&quot;pause_on_hover&quot;:&quot;yes&quot;,&quot;pause_on_interaction&quot;:&quot;yes&quot;,&quot;autoplay_speed&quot;:5000,&quot;infinite&quot;:&quot;yes&quot;,&quot;transition&quot;:&quot;slide&quot;,&quot;transition_speed&quot;:500}\" data-widget_type=\"slides.default\">\n\t\t\t\t\t\t\t\t\t\t<div class=\"elementor-slides-wrapper elementor-main-swiper swiper\" role=\"region\" aria-roledescription=\"carousel\" aria-label=\"Slajdy\" dir=\"ltr\" data-animation=\"fadeInUp\">\n\t\t\t\t<div class=\"swiper-wrapper elementor-slides\">\n\t\t\t\t\t\t\t\t\t\t<div class=\"elementor-repeater-item-ba47f10 swiper-slide\" role=\"group\" aria-roledescription=\"slide\"><div class=\"swiper-slide-bg elementor-ken-burns elementor-ken-burns--in\" role=\"img\" aria-label=\"Forma KPED 01.20\"><\/div><div class=\"swiper-slide-inner\" ><div class=\"swiper-slide-contents\"><\/div><\/div><\/div><div class=\"elementor-repeater-item-6cb039e swiper-slide\" role=\"group\" aria-roledescription=\"slide\"><div class=\"swiper-slide-bg elementor-ken-burns elementor-ken-burns--in\" role=\"img\" aria-label=\"Forma KPED 01.20\"><\/div><div class=\"swiper-slide-inner\" ><div class=\"swiper-slide-contents\"><\/div><\/div><\/div><div class=\"elementor-repeater-item-e26d54c swiper-slide\" role=\"group\" aria-roledescription=\"slide\"><div class=\"swiper-slide-bg elementor-ken-burns elementor-ken-burns--in\" role=\"img\" aria-label=\"Forma KPED 01.20\"><\/div><div class=\"swiper-slide-inner\" ><div class=\"swiper-slide-contents\"><\/div><\/div><\/div><div class=\"elementor-repeater-item-3503806 swiper-slide\" role=\"group\" aria-roledescription=\"slide\"><div class=\"swiper-slide-bg elementor-ken-burns elementor-ken-burns--in\" role=\"img\" aria-label=\"Forma KPED 01.20\"><\/div><div class=\"swiper-slide-inner\" ><div class=\"swiper-slide-contents\"><\/div><\/div><\/div>\t\t\t\t<\/div>\n\t\t\t\t\t\t\t\t\t\t\t\t\t\t\t<div class=\"elementor-swiper-button elementor-swiper-button-prev\" role=\"button\" tabindex=\"0\" aria-label=\"Previous slide\">\n\t\t\t\t\t\t\t<svg aria-hidden=\"true\" class=\"e-font-icon-svg e-eicon-chevron-left\" viewBox=\"0 0 1000 1000\" xmlns=\"http:\/\/www.w3.org\/2000\/svg\"><path d=\"M646 125C629 125 613 133 604 142L308 442C296 454 292 471 292 487 292 504 296 521 308 533L604 854C617 867 629 875 646 875 663 875 679 871 692 858 704 846 713 829 713 812 713 796 708 779 692 767L438 487 692 225C700 217 708 204 708 187 708 171 704 154 692 142 675 129 663 125 646 125Z\"><\/path><\/svg>\t\t\t\t\t\t<\/div>\n\t\t\t\t\t\t<div class=\"elementor-swiper-button elementor-swiper-button-next\" role=\"button\" tabindex=\"0\" aria-label=\"Next slide\">\n\t\t\t\t\t\t\t<svg aria-hidden=\"true\" class=\"e-font-icon-svg e-eicon-chevron-right\" viewBox=\"0 0 1000 1000\" xmlns=\"http:\/\/www.w3.org\/2000\/svg\"><path d=\"M696 533C708 521 713 504 713 487 713 471 708 454 696 446L400 146C388 133 375 125 354 125 338 125 325 129 313 142 300 154 292 171 292 187 292 204 296 221 308 233L563 492 304 771C292 783 288 800 288 817 288 833 296 850 308 863 321 871 338 875 354 875 371 875 388 867 400 854L696 533Z\"><\/path><\/svg>\t\t\t\t\t\t<\/div>\n\t\t\t\t\t\t\t\t\t\t\t\t\t\t\t\t<div class=\"swiper-pagination\"><\/div>\n\t\t\t\t\t\t\t\t\t\t\t\t<\/div>\n\t\t\t\t\t\t\t\t<\/div>\n\t\t\t\t\t<\/div>\n\t\t<\/div>\n\t\t\t\t\t<\/div>\n\t\t<\/section>\n\t\t\t\t<section class=\"elementor-section elementor-top-section elementor-element elementor-element-9234db2 elementor-section-boxed elementor-section-height-default elementor-section-height-default\" data-id=\"9234db2\" data-element_type=\"section\" data-e-type=\"section\">\n\t\t\t\t\t\t<div class=\"elementor-container elementor-column-gap-default\">\n\t\t\t\t\t<div class=\"elementor-column elementor-col-100 elementor-top-column elementor-element elementor-element-434bb69\" data-id=\"434bb69\" data-element_type=\"column\" data-e-type=\"column\">\n\t\t\t<div class=\"elementor-widget-wrap elementor-element-populated\">\n\t\t\t\t\t\t<div class=\"elementor-element elementor-element-5c93c11 elementor-widget elementor-widget-text-editor\" data-id=\"5c93c11\" data-element_type=\"widget\" data-e-type=\"widget\" data-widget_type=\"text-editor.default\">\n\t\t\t\t\t\t\t\t\t<p><strong>Wyr\u00f3b gotowy<\/strong><\/p>\t\t\t\t\t\t\t\t<\/div>\n\t\t\t\t\t<\/div>\n\t\t<\/div>\n\t\t\t\t\t<\/div>\n\t\t<\/section>\n\t\t\t\t<section class=\"elementor-section elementor-top-section elementor-element elementor-element-2d801a6 elementor-section-boxed elementor-section-height-default elementor-section-height-default\" data-id=\"2d801a6\" data-element_type=\"section\" data-e-type=\"section\">\n\t\t\t\t\t\t<div class=\"elementor-container elementor-column-gap-default\">\n\t\t\t\t\t<div class=\"elementor-column elementor-col-50 elementor-top-column elementor-element elementor-element-9f9b39d\" data-id=\"9f9b39d\" data-element_type=\"column\" data-e-type=\"column\">\n\t\t\t<div class=\"elementor-widget-wrap elementor-element-populated\">\n\t\t\t\t\t\t<div class=\"elementor-element elementor-element-90efaa1 elementor-widget elementor-widget-image\" data-id=\"90efaa1\" data-element_type=\"widget\" data-e-type=\"widget\" data-widget_type=\"image.default\">\n\t\t\t\t\t\t\t\t\t\t\t\t\t\t\t<img decoding=\"async\" src=\"https:\/\/www.beto-met.pl\/pl\/wp-content\/uploads\/2020\/07\/rysunek_techniczny_KPED.png\" title=\"Forma KPED 01.20\" alt=\"Forma KPED 01.20\" loading=\"lazy\" \/>\t\t\t\t\t\t\t\t\t\t\t\t\t\t\t<\/div>\n\t\t\t\t\t<\/div>\n\t\t<\/div>\n\t\t\t\t<div class=\"elementor-column elementor-col-50 elementor-top-column elementor-element elementor-element-030c016\" data-id=\"030c016\" data-element_type=\"column\" data-e-type=\"column\">\n\t\t\t<div class=\"elementor-widget-wrap elementor-element-populated\">\n\t\t\t\t\t\t<div class=\"elementor-element elementor-element-a838cc6 elementor-widget elementor-widget-image\" data-id=\"a838cc6\" data-element_type=\"widget\" data-e-type=\"widget\" data-widget_type=\"image.default\">\n\t\t\t\t\t\t\t\t\t\t\t\t\t\t\t<img decoding=\"async\" src=\"https:\/\/www.beto-met.pl\/pl\/wp-content\/uploads\/2020\/07\/kped_wyrob_gotowy.png\" title=\"Forma KPED 01.20\" alt=\"Forma KPED 01.20\" loading=\"lazy\" \/>\t\t\t\t\t\t\t\t\t\t\t\t\t\t\t<\/div>\n\t\t\t\t\t<\/div>\n\t\t<\/div>\n\t\t\t\t\t<\/div>\n\t\t<\/section>\n\t\t\t\t<\/div>\n\t\t","protected":false},"excerpt":{"rendered":"<p>Forma KPED 01.20 Previous Next Wyr\u00f3b gotowy<\/p>\n","protected":false},"author":1,"featured_media":1585,"parent":0,"menu_order":0,"comment_status":"closed","ping_status":"closed","template":"","meta":{"ocean_post_layout":"full-screen","ocean_both_sidebars_style":"","ocean_both_sidebars_content_width":0,"ocean_both_sidebars_sidebars_width":0,"ocean_sidebar":"0","ocean_second_sidebar":"0","ocean_disable_margins":"enable","ocean_add_body_class":"","ocean_shortcode_before_top_bar":"","ocean_shortcode_after_top_bar":"","ocean_shortcode_before_header":"","ocean_shortcode_after_header":"","ocean_has_shortcode":"","ocean_shortcode_after_title":"","ocean_shortcode_before_footer_widgets":"","ocean_shortcode_after_footer_widgets":"","ocean_shortcode_before_footer_bottom":"","ocean_shortcode_after_footer_bottom":"","ocean_display_top_bar":"default","ocean_display_header":"default","ocean_header_style":"","ocean_center_header_left_menu":"0","ocean_custom_header_template":"0","ocean_custom_logo":0,"ocean_custom_retina_logo":0,"ocean_custom_logo_max_width":0,"ocean_custom_logo_tablet_max_width":0,"ocean_custom_logo_mobile_max_width":0,"ocean_custom_logo_max_height":0,"ocean_custom_logo_tablet_max_height":0,"ocean_custom_logo_mobile_max_height":0,"ocean_header_custom_menu":"0","ocean_menu_typo_font_family":"0","ocean_menu_typo_font_subset":"","ocean_menu_typo_font_size":0,"ocean_menu_typo_font_size_tablet":0,"ocean_menu_typo_font_size_mobile":0,"ocean_menu_typo_font_size_unit":"px","ocean_menu_typo_font_weight":"","ocean_menu_typo_font_weight_tablet":"","ocean_menu_typo_font_weight_mobile":"","ocean_menu_typo_transform":"","ocean_menu_typo_transform_tablet":"","ocean_menu_typo_transform_mobile":"","ocean_menu_typo_line_height":0,"ocean_menu_typo_line_height_tablet":0,"ocean_menu_typo_line_height_mobile":0,"ocean_menu_typo_line_height_unit":"","ocean_menu_typo_spacing":0,"ocean_menu_typo_spacing_tablet":0,"ocean_menu_typo_spacing_mobile":0,"ocean_menu_typo_spacing_unit":"","ocean_menu_link_color":"","ocean_menu_link_color_hover":"","ocean_menu_link_color_active":"","ocean_menu_link_background":"","ocean_menu_link_hover_background":"","ocean_menu_link_active_background":"","ocean_menu_social_links_bg":"","ocean_menu_social_hover_links_bg":"","ocean_menu_social_links_color":"","ocean_menu_social_hover_links_color":"","ocean_disable_title":"enable","ocean_disable_heading":"enable","ocean_post_title":"","ocean_post_subheading":"","ocean_post_title_style":"","ocean_post_title_background_color":"","ocean_post_title_background":0,"ocean_post_title_bg_image_position":"","ocean_post_title_bg_image_attachment":"","ocean_post_title_bg_image_repeat":"","ocean_post_title_bg_image_size":"","ocean_post_title_height":0,"ocean_post_title_bg_overlay":0.5,"ocean_post_title_bg_overlay_color":"","ocean_disable_breadcrumbs":"default","ocean_breadcrumbs_color":"","ocean_breadcrumbs_separator_color":"","ocean_breadcrumbs_links_color":"","ocean_breadcrumbs_links_hover_color":"","ocean_display_footer_widgets":"default","ocean_display_footer_bottom":"default","ocean_custom_footer_template":"0","footnotes":"","_links_to":"","_links_to_target":""},"class_list":["post-1583","page","type-page","status-publish","has-post-thumbnail","hentry","entry","has-media"],"yoast_head":"<!-- This site is optimized with the Yoast SEO plugin v27.4 - https:\/\/yoast.com\/product\/yoast-seo-wordpress\/ -->\n<title>Forma KPED 01.20 - Betomet Sp.z o.o.<\/title>\n<meta name=\"description\" content=\"Forma do powtarzalnych element\u00f3w drogowych 01.20. produkcji firmy Betomet. Wykonania r\u00f3\u017cne od KPED 01.20 do innych wed\u0142ug potrzeb klienta.\" \/>\n<meta name=\"robots\" content=\"index, follow, max-snippet:-1, max-image-preview:large, max-video-preview:-1\" \/>\n<link rel=\"canonical\" href=\"https:\/\/www.beto-met.pl\/pl\/forma-kped-01-20\/\" \/>\n<meta property=\"og:locale\" content=\"pl_PL\" \/>\n<meta property=\"og:type\" content=\"article\" \/>\n<meta property=\"og:title\" content=\"Forma KPED 01.20 - Betomet Sp.z o.o.\" \/>\n<meta property=\"og:description\" content=\"Forma do powtarzalnych element\u00f3w drogowych 01.20. produkcji firmy Betomet. Wykonania r\u00f3\u017cne od KPED 01.20 do innych wed\u0142ug potrzeb klienta.\" \/>\n<meta property=\"og:url\" content=\"https:\/\/www.beto-met.pl\/pl\/forma-kped-01-20\/\" \/>\n<meta property=\"og:site_name\" content=\"Betomet Sp.z o.o.\" \/>\n<meta property=\"article:publisher\" content=\"https:\/\/www.facebook.com\/fabrykamaszyn\/\" \/>\n<meta property=\"article:modified_time\" content=\"2021-07-26T12:31:50+00:00\" \/>\n<meta property=\"og:image\" content=\"https:\/\/www.beto-met.pl\/pl\/wp-content\/uploads\/2020\/07\/kped_01_20-2.jpg\" \/>\n\t<meta property=\"og:image:width\" content=\"800\" \/>\n\t<meta property=\"og:image:height\" content=\"600\" \/>\n\t<meta property=\"og:image:type\" content=\"image\/jpeg\" \/>\n<meta name=\"twitter:card\" content=\"summary_large_image\" \/>\n<script type=\"application\/ld+json\" class=\"yoast-schema-graph\">{\"@context\":\"https:\\\/\\\/schema.org\",\"@graph\":[{\"@type\":\"WebPage\",\"@id\":\"https:\\\/\\\/www.beto-met.pl\\\/pl\\\/forma-kped-01-20\\\/\",\"url\":\"https:\\\/\\\/www.beto-met.pl\\\/pl\\\/forma-kped-01-20\\\/\",\"name\":\"Forma KPED 01.20 - Betomet Sp.z o.o.\",\"isPartOf\":{\"@id\":\"https:\\\/\\\/www.beto-met.pl\\\/pl\\\/#website\"},\"primaryImageOfPage\":{\"@id\":\"https:\\\/\\\/www.beto-met.pl\\\/pl\\\/forma-kped-01-20\\\/#primaryimage\"},\"image\":{\"@id\":\"https:\\\/\\\/www.beto-met.pl\\\/pl\\\/forma-kped-01-20\\\/#primaryimage\"},\"thumbnailUrl\":\"https:\\\/\\\/www.beto-met.pl\\\/pl\\\/wp-content\\\/uploads\\\/2020\\\/07\\\/kped_01_20-2.jpg\",\"datePublished\":\"2020-07-23T09:54:22+00:00\",\"dateModified\":\"2021-07-26T12:31:50+00:00\",\"description\":\"Forma do powtarzalnych element\u00f3w drogowych 01.20. produkcji firmy Betomet. Wykonania r\u00f3\u017cne od KPED 01.20 do innych wed\u0142ug potrzeb klienta.\",\"breadcrumb\":{\"@id\":\"https:\\\/\\\/www.beto-met.pl\\\/pl\\\/forma-kped-01-20\\\/#breadcrumb\"},\"inLanguage\":\"pl-PL\",\"potentialAction\":[{\"@type\":\"ReadAction\",\"target\":[\"https:\\\/\\\/www.beto-met.pl\\\/pl\\\/forma-kped-01-20\\\/\"]}]},{\"@type\":\"ImageObject\",\"inLanguage\":\"pl-PL\",\"@id\":\"https:\\\/\\\/www.beto-met.pl\\\/pl\\\/forma-kped-01-20\\\/#primaryimage\",\"url\":\"https:\\\/\\\/www.beto-met.pl\\\/pl\\\/wp-content\\\/uploads\\\/2020\\\/07\\\/kped_01_20-2.jpg\",\"contentUrl\":\"https:\\\/\\\/www.beto-met.pl\\\/pl\\\/wp-content\\\/uploads\\\/2020\\\/07\\\/kped_01_20-2.jpg\",\"width\":800,\"height\":600},{\"@type\":\"BreadcrumbList\",\"@id\":\"https:\\\/\\\/www.beto-met.pl\\\/pl\\\/forma-kped-01-20\\\/#breadcrumb\",\"itemListElement\":[{\"@type\":\"ListItem\",\"position\":1,\"name\":\"Home\",\"item\":\"https:\\\/\\\/www.beto-met.pl\\\/\"},{\"@type\":\"ListItem\",\"position\":2,\"name\":\"Forma KPED 01.20\"}]},{\"@type\":\"WebSite\",\"@id\":\"https:\\\/\\\/www.beto-met.pl\\\/pl\\\/#website\",\"url\":\"https:\\\/\\\/www.beto-met.pl\\\/pl\\\/\",\"name\":\"Betomet Sp.z o.o.\",\"description\":\"Wszystko dla betoniarstwa\",\"publisher\":{\"@id\":\"https:\\\/\\\/www.beto-met.pl\\\/pl\\\/#organization\"},\"potentialAction\":[{\"@type\":\"SearchAction\",\"target\":{\"@type\":\"EntryPoint\",\"urlTemplate\":\"https:\\\/\\\/www.beto-met.pl\\\/pl\\\/?s={search_term_string}\"},\"query-input\":{\"@type\":\"PropertyValueSpecification\",\"valueRequired\":true,\"valueName\":\"search_term_string\"}}],\"inLanguage\":\"pl-PL\"},{\"@type\":\"Organization\",\"@id\":\"https:\\\/\\\/www.beto-met.pl\\\/pl\\\/#organization\",\"name\":\"Betomet Sp.z o.o.\",\"url\":\"https:\\\/\\\/www.beto-met.pl\\\/pl\\\/\",\"logo\":{\"@type\":\"ImageObject\",\"inLanguage\":\"pl-PL\",\"@id\":\"https:\\\/\\\/www.beto-met.pl\\\/pl\\\/#\\\/schema\\\/logo\\\/image\\\/\",\"url\":\"https:\\\/\\\/www.beto-met.pl\\\/pl\\\/wp-content\\\/uploads\\\/2020\\\/07\\\/cropped-Logo_Betomet-test-kopia.png\",\"contentUrl\":\"https:\\\/\\\/www.beto-met.pl\\\/pl\\\/wp-content\\\/uploads\\\/2020\\\/07\\\/cropped-Logo_Betomet-test-kopia.png\",\"width\":120,\"height\":87,\"caption\":\"Betomet Sp.z o.o.\"},\"image\":{\"@id\":\"https:\\\/\\\/www.beto-met.pl\\\/pl\\\/#\\\/schema\\\/logo\\\/image\\\/\"},\"sameAs\":[\"https:\\\/\\\/www.facebook.com\\\/fabrykamaszyn\\\/\"]}]}<\/script>\n<!-- \/ Yoast SEO plugin. -->","yoast_head_json":{"title":"Forma KPED 01.20 - Betomet Sp.z o.o.","description":"Forma do powtarzalnych element\u00f3w drogowych 01.20. produkcji firmy Betomet. Wykonania r\u00f3\u017cne od KPED 01.20 do innych wed\u0142ug potrzeb klienta.","robots":{"index":"index","follow":"follow","max-snippet":"max-snippet:-1","max-image-preview":"max-image-preview:large","max-video-preview":"max-video-preview:-1"},"canonical":"https:\/\/www.beto-met.pl\/pl\/forma-kped-01-20\/","og_locale":"pl_PL","og_type":"article","og_title":"Forma KPED 01.20 - Betomet Sp.z o.o.","og_description":"Forma do powtarzalnych element\u00f3w drogowych 01.20. produkcji firmy Betomet. Wykonania r\u00f3\u017cne od KPED 01.20 do innych wed\u0142ug potrzeb klienta.","og_url":"https:\/\/www.beto-met.pl\/pl\/forma-kped-01-20\/","og_site_name":"Betomet Sp.z o.o.","article_publisher":"https:\/\/www.facebook.com\/fabrykamaszyn\/","article_modified_time":"2021-07-26T12:31:50+00:00","og_image":[{"width":800,"height":600,"url":"https:\/\/www.beto-met.pl\/pl\/wp-content\/uploads\/2020\/07\/kped_01_20-2.jpg","type":"image\/jpeg"}],"twitter_card":"summary_large_image","schema":{"@context":"https:\/\/schema.org","@graph":[{"@type":"WebPage","@id":"https:\/\/www.beto-met.pl\/pl\/forma-kped-01-20\/","url":"https:\/\/www.beto-met.pl\/pl\/forma-kped-01-20\/","name":"Forma KPED 01.20 - Betomet Sp.z o.o.","isPartOf":{"@id":"https:\/\/www.beto-met.pl\/pl\/#website"},"primaryImageOfPage":{"@id":"https:\/\/www.beto-met.pl\/pl\/forma-kped-01-20\/#primaryimage"},"image":{"@id":"https:\/\/www.beto-met.pl\/pl\/forma-kped-01-20\/#primaryimage"},"thumbnailUrl":"https:\/\/www.beto-met.pl\/pl\/wp-content\/uploads\/2020\/07\/kped_01_20-2.jpg","datePublished":"2020-07-23T09:54:22+00:00","dateModified":"2021-07-26T12:31:50+00:00","description":"Forma do powtarzalnych element\u00f3w drogowych 01.20. produkcji firmy Betomet. Wykonania r\u00f3\u017cne od KPED 01.20 do innych wed\u0142ug potrzeb klienta.","breadcrumb":{"@id":"https:\/\/www.beto-met.pl\/pl\/forma-kped-01-20\/#breadcrumb"},"inLanguage":"pl-PL","potentialAction":[{"@type":"ReadAction","target":["https:\/\/www.beto-met.pl\/pl\/forma-kped-01-20\/"]}]},{"@type":"ImageObject","inLanguage":"pl-PL","@id":"https:\/\/www.beto-met.pl\/pl\/forma-kped-01-20\/#primaryimage","url":"https:\/\/www.beto-met.pl\/pl\/wp-content\/uploads\/2020\/07\/kped_01_20-2.jpg","contentUrl":"https:\/\/www.beto-met.pl\/pl\/wp-content\/uploads\/2020\/07\/kped_01_20-2.jpg","width":800,"height":600},{"@type":"BreadcrumbList","@id":"https:\/\/www.beto-met.pl\/pl\/forma-kped-01-20\/#breadcrumb","itemListElement":[{"@type":"ListItem","position":1,"name":"Home","item":"https:\/\/www.beto-met.pl\/"},{"@type":"ListItem","position":2,"name":"Forma KPED 01.20"}]},{"@type":"WebSite","@id":"https:\/\/www.beto-met.pl\/pl\/#website","url":"https:\/\/www.beto-met.pl\/pl\/","name":"Betomet Sp.z o.o.","description":"Wszystko dla betoniarstwa","publisher":{"@id":"https:\/\/www.beto-met.pl\/pl\/#organization"},"potentialAction":[{"@type":"SearchAction","target":{"@type":"EntryPoint","urlTemplate":"https:\/\/www.beto-met.pl\/pl\/?s={search_term_string}"},"query-input":{"@type":"PropertyValueSpecification","valueRequired":true,"valueName":"search_term_string"}}],"inLanguage":"pl-PL"},{"@type":"Organization","@id":"https:\/\/www.beto-met.pl\/pl\/#organization","name":"Betomet Sp.z o.o.","url":"https:\/\/www.beto-met.pl\/pl\/","logo":{"@type":"ImageObject","inLanguage":"pl-PL","@id":"https:\/\/www.beto-met.pl\/pl\/#\/schema\/logo\/image\/","url":"https:\/\/www.beto-met.pl\/pl\/wp-content\/uploads\/2020\/07\/cropped-Logo_Betomet-test-kopia.png","contentUrl":"https:\/\/www.beto-met.pl\/pl\/wp-content\/uploads\/2020\/07\/cropped-Logo_Betomet-test-kopia.png","width":120,"height":87,"caption":"Betomet Sp.z o.o."},"image":{"@id":"https:\/\/www.beto-met.pl\/pl\/#\/schema\/logo\/image\/"},"sameAs":["https:\/\/www.facebook.com\/fabrykamaszyn\/"]}]}},"_links":{"self":[{"href":"https:\/\/www.beto-met.pl\/pl\/wp-json\/wp\/v2\/pages\/1583","targetHints":{"allow":["GET"]}}],"collection":[{"href":"https:\/\/www.beto-met.pl\/pl\/wp-json\/wp\/v2\/pages"}],"about":[{"href":"https:\/\/www.beto-met.pl\/pl\/wp-json\/wp\/v2\/types\/page"}],"author":[{"embeddable":true,"href":"https:\/\/www.beto-met.pl\/pl\/wp-json\/wp\/v2\/users\/1"}],"replies":[{"embeddable":true,"href":"https:\/\/www.beto-met.pl\/pl\/wp-json\/wp\/v2\/comments?post=1583"}],"version-history":[{"count":1,"href":"https:\/\/www.beto-met.pl\/pl\/wp-json\/wp\/v2\/pages\/1583\/revisions"}],"predecessor-version":[{"id":3281,"href":"https:\/\/www.beto-met.pl\/pl\/wp-json\/wp\/v2\/pages\/1583\/revisions\/3281"}],"wp:featuredmedia":[{"embeddable":true,"href":"https:\/\/www.beto-met.pl\/pl\/wp-json\/wp\/v2\/media\/1585"}],"wp:attachment":[{"href":"https:\/\/www.beto-met.pl\/pl\/wp-json\/wp\/v2\/media?parent=1583"}],"curies":[{"name":"wp","href":"https:\/\/api.w.org\/{rel}","templated":true}]}}