{"id":212,"date":"2019-01-04T14:29:57","date_gmt":"2019-01-04T13:29:57","guid":{"rendered":"https:\/\/www.beto-met.pl\/pl\/home\/"},"modified":"2026-01-08T11:42:36","modified_gmt":"2026-01-08T10:42:36","slug":"strona-glowna","status":"publish","type":"page","link":"https:\/\/www.beto-met.pl\/pl\/","title":{"rendered":"Strona g\u0142\u00f3wna"},"content":{"rendered":"\t\t<div data-elementor-type=\"wp-post\" data-elementor-id=\"212\" class=\"elementor elementor-212\" data-elementor-post-type=\"page\">\n\t\t\t\t\t\t<section class=\"elementor-section elementor-top-section elementor-element elementor-element-f06700a elementor-section-full_width elementor-section-height-default elementor-section-height-default\" data-id=\"f06700a\" data-element_type=\"section\" data-e-type=\"section\">\n\t\t\t\t\t\t<div class=\"elementor-container elementor-column-gap-default\">\n\t\t\t\t\t<div class=\"elementor-column elementor-col-100 elementor-top-column elementor-element elementor-element-74307c3\" data-id=\"74307c3\" data-element_type=\"column\" data-e-type=\"column\">\n\t\t\t<div class=\"elementor-widget-wrap elementor-element-populated\">\n\t\t\t\t\t\t<div class=\"elementor-element elementor-element-031f8b0 elementor--h-position-center elementor--v-position-middle elementor-arrows-position-inside elementor-pagination-position-inside elementor-widget elementor-widget-slides\" data-id=\"031f8b0\" data-element_type=\"widget\" data-e-type=\"widget\" data-settings=\"{&quot;navigation&quot;:&quot;both&quot;,&quot;autoplay&quot;:&quot;yes&quot;,&quot;pause_on_hover&quot;:&quot;yes&quot;,&quot;pause_on_interaction&quot;:&quot;yes&quot;,&quot;autoplay_speed&quot;:5000,&quot;infinite&quot;:&quot;yes&quot;,&quot;transition&quot;:&quot;slide&quot;,&quot;transition_speed&quot;:500}\" data-widget_type=\"slides.default\">\n\t\t\t\t\t\t\t\t\t\t<div class=\"elementor-slides-wrapper elementor-main-swiper swiper\" role=\"region\" aria-roledescription=\"carousel\" aria-label=\"Slajdy\" dir=\"ltr\" data-animation=\"fadeInUp\">\n\t\t\t\t<div class=\"swiper-wrapper elementor-slides\">\n\t\t\t\t\t\t\t\t\t\t<div class=\"elementor-repeater-item-ac6d6a5 swiper-slide\" role=\"group\" aria-roledescription=\"slide\"><div class=\"swiper-slide-bg\" role=\"img\" aria-label=\"IMG-20260108-WA0003\"><\/div><a class=\"swiper-slide-inner\" href=\"https:\/\/www.beto-met.pl\/pl\/maszyna-do-kregow\/\"><div class=\"swiper-slide-contents\"><div class=\"elementor-slide-heading\">Maszyna do produkcji kr\u0119g\u00f3w<\/div><div class=\"elementor-slide-description\">\u015arednica od DN 500 do DN 3000<\/div><div  class=\"elementor-button elementor-slide-button elementor-size-sm\">Szczeg\u00f3\u0142y<\/div><\/div><\/a><\/div><div class=\"elementor-repeater-item-bbb8b59 swiper-slide\" role=\"group\" aria-roledescription=\"slide\"><div class=\"swiper-slide-bg\" role=\"img\" aria-label=\"IMG-20251210-WA0008\"><\/div><a class=\"swiper-slide-inner\" href=\"https:\/\/www.beto-met.pl\/pl\/linia-obiegowa-do-produkcji-kregow-betonowych_2\/\"><div class=\"swiper-slide-contents\"><div class=\"elementor-slide-heading\">Linia obiegowa<\/div><div class=\"elementor-slide-description\">Do produkcji kr\u0119g\u00f3w betonowych od \u015brednicy DN 500 - DN 1500<\/div><div  class=\"elementor-button elementor-slide-button elementor-size-sm\">Szczeg\u00f3\u0142y<\/div><\/div><\/a><\/div><div class=\"elementor-repeater-item-56529f3 swiper-slide\" role=\"group\" aria-roledescription=\"slide\"><div class=\"swiper-slide-bg\" role=\"img\" aria-label=\"IMG-20260108-WA0010\"><\/div><a class=\"swiper-slide-inner\" href=\"https:\/\/www.beto-met.pl\/pl\/linie-do-produkcji-scian\/\"><div class=\"swiper-slide-contents\"><div class=\"elementor-slide-heading\">Linia do produkcji \u015bcian<\/div><div class=\"elementor-slide-description\">Linie do produkcji \u015bcian - prefabrykaty betonowe<\/div><div  class=\"elementor-button elementor-slide-button elementor-size-sm\">Szczeg\u00f3\u0142y<\/div><\/div><\/a><\/div><div class=\"elementor-repeater-item-0b95d8f swiper-slide\" role=\"group\" aria-roledescription=\"slide\"><div class=\"swiper-slide-bg elementor-ken-burns elementor-ken-burns--out\" role=\"img\" aria-label=\"Formy-monolityczne\"><\/div><div class=\"elementor-background-overlay\"><\/div><a class=\"swiper-slide-inner\" href=\"https:\/\/www.beto-met.pl\/pl\/formy-monolityczne\/\"><div class=\"swiper-slide-contents\"><div class=\"elementor-slide-heading\">Formy monolityczne<\/div><div  class=\"elementor-button elementor-slide-button elementor-size-sm\">Szczeg\u00f3\u0142y<\/div><\/div><\/a><\/div><div class=\"elementor-repeater-item-a596215 swiper-slide\" role=\"group\" aria-roledescription=\"slide\"><div class=\"swiper-slide-bg elementor-ken-burns elementor-ken-burns--out\" role=\"img\" aria-label=\"\u015aciany oporowe\"><\/div><div class=\"elementor-background-overlay\"><\/div><a class=\"swiper-slide-inner\" href=\"https:\/\/www.beto-met.pl\/pl\/forma-bateryjna-do-sciany-peronowej\/\"><div class=\"swiper-slide-contents\"><div class=\"elementor-slide-heading\">Forma bateryjna do \u015bciany peronowej<\/div><div  class=\"elementor-button elementor-slide-button elementor-size-sm\">Szczeg\u00f3\u0142y<\/div><\/div><\/a><\/div><div class=\"elementor-repeater-item-d94c2ae swiper-slide\" role=\"group\" aria-roledescription=\"slide\"><div class=\"swiper-slide-bg elementor-ken-burns elementor-ken-burns--out\" role=\"img\" aria-label=\"BK12\"><\/div><div class=\"elementor-background-overlay\"><\/div><a class=\"swiper-slide-inner\" href=\"https:\/\/www.beto-met.pl\/pl\/wiertnice\/\"><div class=\"swiper-slide-contents\"><div class=\"elementor-slide-heading\">Wiertnica<\/div><div  class=\"elementor-button elementor-slide-button elementor-size-sm\">Szczeg\u00f3\u0142y<\/div><\/div><\/a><\/div><div class=\"elementor-repeater-item-c9d8902 swiper-slide\" role=\"group\" aria-roledescription=\"slide\"><div class=\"swiper-slide-bg elementor-ken-burns elementor-ken-burns--out\" role=\"img\" aria-label=\"obrotnica1\"><\/div><div class=\"elementor-background-overlay\"><\/div><a class=\"swiper-slide-inner\" href=\"https:\/\/www.beto-met.pl\/pl\/urzadzenie-transportowe\/\"><div class=\"swiper-slide-contents\"><div class=\"elementor-slide-heading\">Urz\u0105dzenia transportowe<\/div><div  class=\"elementor-button elementor-slide-button elementor-size-sm\">Szczeg\u00f3\u0142y<\/div><\/div><\/a><\/div><div class=\"elementor-repeater-item-d19e55e swiper-slide\" role=\"group\" aria-roledescription=\"slide\"><div class=\"swiper-slide-bg elementor-ken-burns elementor-ken-burns--out\" role=\"img\" aria-label=\"OLYMPUS DIGITAL CAMERA\"><\/div><div class=\"elementor-background-overlay\"><\/div><a class=\"swiper-slide-inner\" href=\"https:\/\/www.beto-met.pl\/pl\/zaginarki-do-mat-zbrojeniowych\/\"><div class=\"swiper-slide-contents\"><div class=\"elementor-slide-heading\">Zaginarki do mat zbrojeniowych<\/div><div  class=\"elementor-button elementor-slide-button elementor-size-sm\">Szczeg\u00f3\u0142y<\/div><\/div><\/a><\/div>\t\t\t\t<\/div>\n\t\t\t\t\t\t\t\t\t\t\t\t\t\t\t<div class=\"elementor-swiper-button elementor-swiper-button-prev\" role=\"button\" tabindex=\"0\" aria-label=\"Previous slide\">\n\t\t\t\t\t\t\t<svg aria-hidden=\"true\" class=\"e-font-icon-svg e-eicon-chevron-left\" viewBox=\"0 0 1000 1000\" xmlns=\"http:\/\/www.w3.org\/2000\/svg\"><path d=\"M646 125C629 125 613 133 604 142L308 442C296 454 292 471 292 487 292 504 296 521 308 533L604 854C617 867 629 875 646 875 663 875 679 871 692 858 704 846 713 829 713 812 713 796 708 779 692 767L438 487 692 225C700 217 708 204 708 187 708 171 704 154 692 142 675 129 663 125 646 125Z\"><\/path><\/svg>\t\t\t\t\t\t<\/div>\n\t\t\t\t\t\t<div class=\"elementor-swiper-button elementor-swiper-button-next\" role=\"button\" tabindex=\"0\" aria-label=\"Next slide\">\n\t\t\t\t\t\t\t<svg aria-hidden=\"true\" class=\"e-font-icon-svg e-eicon-chevron-right\" viewBox=\"0 0 1000 1000\" xmlns=\"http:\/\/www.w3.org\/2000\/svg\"><path d=\"M696 533C708 521 713 504 713 487 713 471 708 454 696 446L400 146C388 133 375 125 354 125 338 125 325 129 313 142 300 154 292 171 292 187 292 204 296 221 308 233L563 492 304 771C292 783 288 800 288 817 288 833 296 850 308 863 321 871 338 875 354 875 371 875 388 867 400 854L696 533Z\"><\/path><\/svg>\t\t\t\t\t\t<\/div>\n\t\t\t\t\t\t\t\t\t\t\t\t\t\t\t\t<div class=\"swiper-pagination\"><\/div>\n\t\t\t\t\t\t\t\t\t\t\t\t<\/div>\n\t\t\t\t\t\t\t\t<\/div>\n\t\t\t\t\t<\/div>\n\t\t<\/div>\n\t\t\t\t\t<\/div>\n\t\t<\/section>\n\t\t\t\t<section class=\"elementor-section elementor-top-section elementor-element elementor-element-abdca11 elementor-section-boxed elementor-section-height-default elementor-section-height-default\" data-id=\"abdca11\" data-element_type=\"section\" data-e-type=\"section\" data-settings=\"{&quot;background_background&quot;:&quot;classic&quot;}\">\n\t\t\t\t\t\t<div class=\"elementor-container elementor-column-gap-default\">\n\t\t\t\t\t<div class=\"elementor-column elementor-col-100 elementor-top-column elementor-element elementor-element-2168968\" data-id=\"2168968\" data-element_type=\"column\" data-e-type=\"column\">\n\t\t\t<div class=\"elementor-widget-wrap elementor-element-populated\">\n\t\t\t\t\t\t<div class=\"elementor-element elementor-element-bb7a1bd elementor-widget elementor-widget-heading\" data-id=\"bb7a1bd\" data-element_type=\"widget\" data-e-type=\"widget\" data-widget_type=\"heading.default\">\n\t\t\t\t\t<h2 class=\"elementor-heading-title elementor-size-default\">Wszystko dla betoniarstwa<\/h2>\t\t\t\t<\/div>\n\t\t\t\t<div class=\"elementor-element elementor-element-e4eafdf elementor-widget elementor-widget-heading\" data-id=\"e4eafdf\" data-element_type=\"widget\" data-e-type=\"widget\" data-widget_type=\"heading.default\">\n\t\t\t\t\t<h2 class=\"elementor-heading-title elementor-size-default\">Twoja wizja nasza inspiracja\n<\/h2>\t\t\t\t<\/div>\n\t\t\t\t\t<\/div>\n\t\t<\/div>\n\t\t\t\t\t<\/div>\n\t\t<\/section>\n\t\t\t\t<section class=\"elementor-section elementor-top-section elementor-element elementor-element-19db4c4 elementor-section-full_width elementor-section-height-default elementor-section-height-default\" data-id=\"19db4c4\" data-element_type=\"section\" data-e-type=\"section\">\n\t\t\t\t\t\t<div class=\"elementor-container elementor-column-gap-extended\">\n\t\t\t\t\t<div class=\"elementor-column elementor-col-20 elementor-top-column elementor-element elementor-element-1ed5b31\" data-id=\"1ed5b31\" data-element_type=\"column\" data-e-type=\"column\" data-settings=\"{&quot;motion_fx_motion_fx_mouse&quot;:&quot;yes&quot;,&quot;animation&quot;:&quot;none&quot;}\">\n\t\t\t<div class=\"elementor-widget-wrap elementor-element-populated\">\n\t\t\t\t\t\t<div class=\"elementor-element elementor-element-b3a9176 elementor-widget elementor-widget-image\" data-id=\"b3a9176\" data-element_type=\"widget\" data-e-type=\"widget\" data-settings=\"{&quot;_animation&quot;:&quot;none&quot;}\" data-widget_type=\"image.default\">\n\t\t\t\t\t\t\t\t\t\t\t\t\t\t\t\t<a href=\"https:\/\/www.beto-met.pl\/systemy-szalunkowe\/\">\n\t\t\t\t\t\t\t<img fetchpriority=\"high\" decoding=\"async\" width=\"480\" height=\"267\" src=\"https:\/\/www.beto-met.pl\/pl\/wp-content\/uploads\/2021\/03\/szalowanie.jpg\" class=\"elementor-animation-grow attachment-full size-full wp-image-2055\" alt=\"\" srcset=\"https:\/\/www.beto-met.pl\/pl\/wp-content\/uploads\/2021\/03\/szalowanie.jpg 480w, https:\/\/www.beto-met.pl\/pl\/wp-content\/uploads\/2021\/03\/szalowanie-300x167.jpg 300w\" sizes=\"(max-width: 480px) 100vw, 480px\" \/>\t\t\t\t\t\t\t\t<\/a>\n\t\t\t\t\t\t\t\t\t\t\t\t\t\t\t<\/div>\n\t\t\t\t\t<\/div>\n\t\t<\/div>\n\t\t\t\t<div class=\"elementor-column elementor-col-20 elementor-top-column elementor-element elementor-element-562d09f\" data-id=\"562d09f\" data-element_type=\"column\" data-e-type=\"column\">\n\t\t\t<div class=\"elementor-widget-wrap elementor-element-populated\">\n\t\t\t\t\t\t<div class=\"elementor-element elementor-element-03190fc elementor-widget elementor-widget-image\" data-id=\"03190fc\" data-element_type=\"widget\" data-e-type=\"widget\" data-widget_type=\"image.default\">\n\t\t\t\t\t\t\t\t\t\t\t\t\t\t\t\t<a href=\"https:\/\/www.beto-met.pl\/pl\/oferta-2\/\">\n\t\t\t\t\t\t\t<img decoding=\"async\" width=\"480\" height=\"267\" src=\"https:\/\/www.beto-met.pl\/pl\/wp-content\/uploads\/2021\/03\/mof-1.jpg\" class=\"elementor-animation-grow attachment-full size-full wp-image-2058\" alt=\"\" srcset=\"https:\/\/www.beto-met.pl\/pl\/wp-content\/uploads\/2021\/03\/mof-1.jpg 480w, https:\/\/www.beto-met.pl\/pl\/wp-content\/uploads\/2021\/03\/mof-1-300x167.jpg 300w\" sizes=\"(max-width: 480px) 100vw, 480px\" \/>\t\t\t\t\t\t\t\t<\/a>\n\t\t\t\t\t\t\t\t\t\t\t\t\t\t\t<\/div>\n\t\t\t\t\t<\/div>\n\t\t<\/div>\n\t\t\t\t<div class=\"elementor-column elementor-col-20 elementor-top-column elementor-element elementor-element-9922fd9\" data-id=\"9922fd9\" data-element_type=\"column\" data-e-type=\"column\">\n\t\t\t<div class=\"elementor-widget-wrap elementor-element-populated\">\n\t\t\t\t\t\t<div class=\"elementor-element elementor-element-7af349c elementor-widget elementor-widget-image\" data-id=\"7af349c\" data-element_type=\"widget\" data-e-type=\"widget\" data-widget_type=\"image.default\">\n\t\t\t\t\t\t\t\t\t\t\t\t\t\t\t\t<a href=\"https:\/\/www.beto-met.pl\/pl\/automatyka\/\">\n\t\t\t\t\t\t\t<img decoding=\"async\" width=\"480\" height=\"267\" src=\"https:\/\/www.beto-met.pl\/pl\/wp-content\/uploads\/2021\/03\/automatyka-1.jpg\" class=\"elementor-animation-grow attachment-full size-full wp-image-2059\" alt=\"\" srcset=\"https:\/\/www.beto-met.pl\/pl\/wp-content\/uploads\/2021\/03\/automatyka-1.jpg 480w, https:\/\/www.beto-met.pl\/pl\/wp-content\/uploads\/2021\/03\/automatyka-1-300x167.jpg 300w\" sizes=\"(max-width: 480px) 100vw, 480px\" \/>\t\t\t\t\t\t\t\t<\/a>\n\t\t\t\t\t\t\t\t\t\t\t\t\t\t\t<\/div>\n\t\t\t\t\t<\/div>\n\t\t<\/div>\n\t\t\t\t<div class=\"elementor-column elementor-col-20 elementor-top-column elementor-element elementor-element-9f4a20f\" data-id=\"9f4a20f\" data-element_type=\"column\" data-e-type=\"column\">\n\t\t\t<div class=\"elementor-widget-wrap elementor-element-populated\">\n\t\t\t\t\t\t<div class=\"elementor-element elementor-element-881d3cd elementor-widget elementor-widget-image\" data-id=\"881d3cd\" data-element_type=\"widget\" data-e-type=\"widget\" data-widget_type=\"image.default\">\n\t\t\t\t\t\t\t\t\t\t\t\t\t\t\t\t<a href=\"https:\/\/www.beto-met.pl\/eps\/\">\n\t\t\t\t\t\t\t<img loading=\"lazy\" decoding=\"async\" width=\"480\" height=\"267\" src=\"https:\/\/www.beto-met.pl\/pl\/wp-content\/uploads\/2021\/03\/eps-1.jpg\" class=\"elementor-animation-grow attachment-full size-full wp-image-2060\" alt=\"\" srcset=\"https:\/\/www.beto-met.pl\/pl\/wp-content\/uploads\/2021\/03\/eps-1.jpg 480w, https:\/\/www.beto-met.pl\/pl\/wp-content\/uploads\/2021\/03\/eps-1-300x167.jpg 300w\" sizes=\"(max-width: 480px) 100vw, 480px\" \/>\t\t\t\t\t\t\t\t<\/a>\n\t\t\t\t\t\t\t\t\t\t\t\t\t\t\t<\/div>\n\t\t\t\t\t<\/div>\n\t\t<\/div>\n\t\t\t\t<div class=\"elementor-column elementor-col-20 elementor-top-column elementor-element elementor-element-564b988\" data-id=\"564b988\" data-element_type=\"column\" data-e-type=\"column\">\n\t\t\t<div class=\"elementor-widget-wrap elementor-element-populated\">\n\t\t\t\t\t\t<div class=\"elementor-element elementor-element-0dcb49a elementor-widget elementor-widget-image\" data-id=\"0dcb49a\" data-element_type=\"widget\" data-e-type=\"widget\" data-widget_type=\"image.default\">\n\t\t\t\t\t\t\t\t\t\t\t\t\t\t\t\t<a href=\"https:\/\/www.beto-met.pl\/pl\/linia-do-plyt-peronowych\/\">\n\t\t\t\t\t\t\t<img loading=\"lazy\" decoding=\"async\" width=\"480\" height=\"267\" src=\"https:\/\/www.beto-met.pl\/pl\/wp-content\/uploads\/2021\/03\/inno1-1.jpg\" class=\"elementor-animation-grow attachment-large size-large wp-image-2061\" alt=\"\" srcset=\"https:\/\/www.beto-met.pl\/pl\/wp-content\/uploads\/2021\/03\/inno1-1.jpg 480w, https:\/\/www.beto-met.pl\/pl\/wp-content\/uploads\/2021\/03\/inno1-1-300x167.jpg 300w\" sizes=\"(max-width: 480px) 100vw, 480px\" \/>\t\t\t\t\t\t\t\t<\/a>\n\t\t\t\t\t\t\t\t\t\t\t\t\t\t\t<\/div>\n\t\t\t\t\t<\/div>\n\t\t<\/div>\n\t\t\t\t\t<\/div>\n\t\t<\/section>\n\t\t\t\t<section class=\"elementor-section elementor-top-section elementor-element elementor-element-aac94d4 elementor-section-full_width elementor-section-height-default elementor-section-height-default\" data-id=\"aac94d4\" data-element_type=\"section\" data-e-type=\"section\">\n\t\t\t\t\t\t<div class=\"elementor-container elementor-column-gap-default\">\n\t\t\t\t\t<div class=\"elementor-column elementor-col-100 elementor-top-column elementor-element elementor-element-bc78c35\" data-id=\"bc78c35\" data-element_type=\"column\" data-e-type=\"column\">\n\t\t\t<div class=\"elementor-widget-wrap elementor-element-populated\">\n\t\t\t\t\t\t<div class=\"elementor-element elementor-element-6b6b830 elementor-widget elementor-widget-heading\" data-id=\"6b6b830\" data-element_type=\"widget\" data-e-type=\"widget\" data-widget_type=\"heading.default\">\n\t\t\t\t\t<h2 class=\"elementor-heading-title elementor-size-default\">Aktualno\u015bci<\/h2>\t\t\t\t<\/div>\n\t\t\t\t\t<\/div>\n\t\t<\/div>\n\t\t\t\t\t<\/div>\n\t\t<\/section>\n\t\t\t\t<section class=\"elementor-section elementor-top-section elementor-element elementor-element-2f827d0 elementor-section-full_width elementor-section-height-default elementor-section-height-default\" data-id=\"2f827d0\" data-element_type=\"section\" data-e-type=\"section\">\n\t\t\t\t\t\t<div class=\"elementor-container elementor-column-gap-default\">\n\t\t\t\t\t<div class=\"elementor-column elementor-col-100 elementor-top-column elementor-element elementor-element-11ddb5a\" data-id=\"11ddb5a\" data-element_type=\"column\" data-e-type=\"column\">\n\t\t\t<div class=\"elementor-widget-wrap elementor-element-populated\">\n\t\t\t\t\t\t<div class=\"elementor-element elementor-element-3e145c0 elementor-widget elementor-widget-heading\" data-id=\"3e145c0\" data-element_type=\"widget\" data-e-type=\"widget\" data-widget_type=\"heading.default\">\n\t\t\t\t\t<h2 class=\"elementor-heading-title elementor-size-default\"><a href=\"https:\/\/www.beto-met.pl\/pl\/mapa-strony\/\">Mapa strony<\/a><\/h2>\t\t\t\t<\/div>\n\t\t\t\t\t<\/div>\n\t\t<\/div>\n\t\t\t\t\t<\/div>\n\t\t<\/section>\n\t\t\t\t<\/div>\n\t\t","protected":false},"excerpt":{"rendered":"<p>Maszyna do produkcji kr\u0119g\u00f3w\u015arednica od DN 500 do DN 3000Szczeg\u00f3\u0142yLinia obiegowaDo produkcji kr\u0119g\u00f3w betonowych od \u015brednicy DN 500 &#8211; DN 1500Szczeg\u00f3\u0142yLinia do produkcji \u015bcianLinie do produkcji \u015bcian &#8211; prefabrykaty betonoweSzczeg\u00f3\u0142yFormy monolityczneSzczeg\u00f3\u0142yForma bateryjna do \u015bciany peronowejSzczeg\u00f3\u0142yWiertnicaSzczeg\u00f3\u0142yUrz\u0105dzenia transportoweSzczeg\u00f3\u0142yZaginarki do mat zbrojeniowychSzczeg\u00f3\u0142y Poprzedni Nast\u0119pny Wszystko dla betoniarstwa Twoja wizja nasza inspiracja Aktualno\u015bci Mapa strony<\/p>\n","protected":false},"author":1,"featured_media":2066,"parent":0,"menu_order":0,"comment_status":"closed","ping_status":"closed","template":"","meta":{"ocean_post_layout":"full-screen","ocean_both_sidebars_style":"","ocean_both_sidebars_content_width":0,"ocean_both_sidebars_sidebars_width":0,"ocean_sidebar":"0","ocean_second_sidebar":"0","ocean_disable_margins":"enable","ocean_add_body_class":"","ocean_shortcode_before_top_bar":"","ocean_shortcode_after_top_bar":"","ocean_shortcode_before_header":"","ocean_shortcode_after_header":"","ocean_has_shortcode":"","ocean_shortcode_after_title":"","ocean_shortcode_before_footer_widgets":"","ocean_shortcode_after_footer_widgets":"","ocean_shortcode_before_footer_bottom":"","ocean_shortcode_after_footer_bottom":"","ocean_display_top_bar":"default","ocean_display_header":"default","ocean_header_style":"","ocean_center_header_left_menu":"0","ocean_custom_header_template":"0","ocean_custom_logo":0,"ocean_custom_retina_logo":0,"ocean_custom_logo_max_width":0,"ocean_custom_logo_tablet_max_width":0,"ocean_custom_logo_mobile_max_width":0,"ocean_custom_logo_max_height":0,"ocean_custom_logo_tablet_max_height":0,"ocean_custom_logo_mobile_max_height":0,"ocean_header_custom_menu":"0","ocean_menu_typo_font_family":"0","ocean_menu_typo_font_subset":"","ocean_menu_typo_font_size":0,"ocean_menu_typo_font_size_tablet":0,"ocean_menu_typo_font_size_mobile":0,"ocean_menu_typo_font_size_unit":"px","ocean_menu_typo_font_weight":"","ocean_menu_typo_font_weight_tablet":"","ocean_menu_typo_font_weight_mobile":"","ocean_menu_typo_transform":"","ocean_menu_typo_transform_tablet":"","ocean_menu_typo_transform_mobile":"","ocean_menu_typo_line_height":0,"ocean_menu_typo_line_height_tablet":0,"ocean_menu_typo_line_height_mobile":0,"ocean_menu_typo_line_height_unit":"","ocean_menu_typo_spacing":0,"ocean_menu_typo_spacing_tablet":0,"ocean_menu_typo_spacing_mobile":0,"ocean_menu_typo_spacing_unit":"","ocean_menu_link_color":"","ocean_menu_link_color_hover":"","ocean_menu_link_color_active":"","ocean_menu_link_background":"","ocean_menu_link_hover_background":"","ocean_menu_link_active_background":"","ocean_menu_social_links_bg":"","ocean_menu_social_hover_links_bg":"","ocean_menu_social_links_color":"","ocean_menu_social_hover_links_color":"","ocean_disable_title":"on","ocean_disable_heading":"default","ocean_post_title":"","ocean_post_subheading":"","ocean_post_title_style":"","ocean_post_title_background_color":"","ocean_post_title_background":0,"ocean_post_title_bg_image_position":"","ocean_post_title_bg_image_attachment":"","ocean_post_title_bg_image_repeat":"","ocean_post_title_bg_image_size":"","ocean_post_title_height":0,"ocean_post_title_bg_overlay":0.5,"ocean_post_title_bg_overlay_color":"","ocean_disable_breadcrumbs":"default","ocean_breadcrumbs_color":"","ocean_breadcrumbs_separator_color":"","ocean_breadcrumbs_links_color":"","ocean_breadcrumbs_links_hover_color":"","ocean_display_footer_widgets":"default","ocean_display_footer_bottom":"default","ocean_custom_footer_template":"0","footnotes":"","_links_to":"","_links_to_target":""},"class_list":["post-212","page","type-page","status-publish","has-post-thumbnail","hentry","entry","has-media"],"_links":{"self":[{"href":"https:\/\/www.beto-met.pl\/pl\/wp-json\/wp\/v2\/pages\/212","targetHints":{"allow":["GET"]}}],"collection":[{"href":"https:\/\/www.beto-met.pl\/pl\/wp-json\/wp\/v2\/pages"}],"about":[{"href":"https:\/\/www.beto-met.pl\/pl\/wp-json\/wp\/v2\/types\/page"}],"author":[{"embeddable":true,"href":"https:\/\/www.beto-met.pl\/pl\/wp-json\/wp\/v2\/users\/1"}],"replies":[{"embeddable":true,"href":"https:\/\/www.beto-met.pl\/pl\/wp-json\/wp\/v2\/comments?post=212"}],"version-history":[{"count":19,"href":"https:\/\/www.beto-met.pl\/pl\/wp-json\/wp\/v2\/pages\/212\/revisions"}],"predecessor-version":[{"id":4613,"href":"https:\/\/www.beto-met.pl\/pl\/wp-json\/wp\/v2\/pages\/212\/revisions\/4613"}],"wp:featuredmedia":[{"embeddable":true,"href":"https:\/\/www.beto-met.pl\/pl\/wp-json\/wp\/v2\/media\/2066"}],"wp:attachment":[{"href":"https:\/\/www.beto-met.pl\/pl\/wp-json\/wp\/v2\/media?parent=212"}],"curies":[{"name":"wp","href":"https:\/\/api.w.org\/{rel}","templated":true}]}}