{"id":2196,"date":"2021-03-31T15:32:09","date_gmt":"2021-03-31T13:32:09","guid":{"rendered":"https:\/\/www.beto-met.pl\/pl\/strona-glowna-english\/"},"modified":"2026-04-15T06:50:27","modified_gmt":"2026-04-15T04:50:27","slug":"strona-glowna-english","status":"publish","type":"page","link":"https:\/\/www.beto-met.pl\/pl\/en\/strona-glowna-english\/","title":{"rendered":"Main site"},"content":{"rendered":"\t\t<div data-elementor-type=\"wp-page\" data-elementor-id=\"2196\" class=\"elementor elementor-2196\" data-elementor-post-type=\"page\">\n\t\t\t\t\t\t<section class=\"elementor-section elementor-top-section elementor-element elementor-element-b7c0b67 elementor-section-full_width elementor-section-stretched elementor-section-height-default elementor-section-height-default\" data-id=\"b7c0b67\" data-element_type=\"section\" data-e-type=\"section\" data-settings=\"{&quot;stretch_section&quot;:&quot;section-stretched&quot;}\">\n\t\t\t\t\t\t<div class=\"elementor-container elementor-column-gap-default\">\n\t\t\t\t\t<div class=\"elementor-column elementor-col-100 elementor-top-column elementor-element elementor-element-ceaab89\" data-id=\"ceaab89\" data-element_type=\"column\" data-e-type=\"column\">\n\t\t\t<div class=\"elementor-widget-wrap elementor-element-populated\">\n\t\t\t\t\t\t<div class=\"elementor-element elementor-element-a31e01b elementor--h-position-center elementor--v-position-middle elementor-arrows-position-inside elementor-pagination-position-inside elementor-widget elementor-widget-slides\" data-id=\"a31e01b\" data-element_type=\"widget\" data-e-type=\"widget\" data-settings=\"{&quot;navigation&quot;:&quot;both&quot;,&quot;autoplay&quot;:&quot;yes&quot;,&quot;pause_on_hover&quot;:&quot;yes&quot;,&quot;pause_on_interaction&quot;:&quot;yes&quot;,&quot;autoplay_speed&quot;:5000,&quot;infinite&quot;:&quot;yes&quot;,&quot;transition&quot;:&quot;slide&quot;,&quot;transition_speed&quot;:500}\" data-widget_type=\"slides.default\">\n\t\t\t\t\t\t\t\t\t\t<div class=\"elementor-slides-wrapper elementor-main-swiper swiper\" role=\"region\" aria-roledescription=\"carousel\" aria-label=\"Slides\" dir=\"ltr\" data-animation=\"fadeInUp\">\n\t\t\t\t<div class=\"swiper-wrapper elementor-slides\">\n\t\t\t\t\t\t\t\t\t\t<div class=\"elementor-repeater-item-f966014 swiper-slide\" role=\"group\" aria-roledescription=\"slide\"><div class=\"swiper-slide-bg\" role=\"img\" aria-label=\"IMG-20260108-WA0003\"><\/div><a class=\"swiper-slide-inner\" href=\"https:\/\/www.beto-met.pl\/pl\/en\/automatic-concrete-machine\/\"><div class=\"swiper-slide-contents\"><div class=\"elementor-slide-heading\">Automatic concrete machine<\/div><div class=\"elementor-slide-description\">Machine for products from DN 500 to DN 3000<\/div><div  class=\"elementor-button elementor-slide-button elementor-size-sm\">Details<\/div><\/div><\/a><\/div><div class=\"elementor-repeater-item-4b39e71 swiper-slide\" role=\"group\" aria-roledescription=\"slide\"><div class=\"swiper-slide-bg\" role=\"img\" aria-label=\"IMG-20251210-WA0008\"><\/div><a class=\"swiper-slide-inner\" href=\"https:\/\/www.beto-met.pl\/pl\/en\/circulation-line\/\"><div class=\"swiper-slide-contents\"><div class=\"elementor-slide-heading\">Circulation line<\/div><div class=\"elementor-slide-description\">For the production of concrete products from diameter DN 500 - DN 1500<\/div><div  class=\"elementor-button elementor-slide-button elementor-size-sm\">Click Here<\/div><\/div><\/a><\/div><div class=\"elementor-repeater-item-b79cea2 swiper-slide\" role=\"group\" aria-roledescription=\"slide\"><div class=\"swiper-slide-bg\" role=\"img\" aria-label=\"IMG-20260108-WA0010\"><\/div><a class=\"swiper-slide-inner\" href=\"https:\/\/www.beto-met.pl\/pl\/en\/wall-production-line\/\"><div class=\"swiper-slide-contents\"><div class=\"elementor-slide-heading\">Wall production line<\/div><div class=\"elementor-slide-description\">For double slabs<\/div><div  class=\"elementor-button elementor-slide-button elementor-size-sm\">Click Here<\/div><\/div><\/a><\/div><div class=\"elementor-repeater-item-0b95d8f swiper-slide\" role=\"group\" aria-roledescription=\"slide\"><div class=\"swiper-slide-bg elementor-ken-burns elementor-ken-burns--in\" role=\"img\" aria-label=\"frezarka5osiowa\"><\/div><div class=\"elementor-background-overlay\"><\/div><a class=\"swiper-slide-inner\" href=\"https:\/\/www.beto-met.pl\/pl\/en\/milling-machines\/\"><div class=\"swiper-slide-contents\"><div class=\"elementor-slide-heading\">Milling machine 5 axis<\/div><div  class=\"elementor-button elementor-slide-button elementor-size-sm\">Szczeg\u00f3\u0142y<\/div><\/div><\/a><\/div><div class=\"elementor-repeater-item-a596215 swiper-slide\" role=\"group\" aria-roledescription=\"slide\"><div class=\"swiper-slide-bg elementor-ken-burns elementor-ken-burns--in\" role=\"img\" aria-label=\"liniaplytperonowych\"><\/div><div class=\"elementor-background-overlay\"><\/div><a class=\"swiper-slide-inner\" href=\"https:\/\/www.beto-met.pl\/pl\/en\/production-line-for-platform-slabs\/\"><div class=\"swiper-slide-contents\"><div class=\"elementor-slide-heading\">Production line for platform slabs<\/div><div  class=\"elementor-button elementor-slide-button elementor-size-sm\">Szczeg\u00f3\u0142y<\/div><\/div><\/a><\/div><div class=\"elementor-repeater-item-d94c2ae swiper-slide\" role=\"group\" aria-roledescription=\"slide\"><div class=\"swiper-slide-bg elementor-ken-burns elementor-ken-burns--in\" role=\"img\" aria-label=\"Wiertnica DN 2000\"><\/div><div class=\"elementor-background-overlay\"><\/div><a class=\"swiper-slide-inner\" href=\"https:\/\/www.beto-met.pl\/pl\/en\/drillers\/\"><div class=\"swiper-slide-contents\"><div class=\"elementor-slide-heading\">Driller<\/div><div  class=\"elementor-button elementor-slide-button elementor-size-sm\">Szczeg\u00f3\u0142y<\/div><\/div><\/a><\/div><div class=\"elementor-repeater-item-c9d8902 swiper-slide\" role=\"group\" aria-roledescription=\"slide\"><div class=\"swiper-slide-bg elementor-ken-burns elementor-ken-burns--in\" role=\"img\" aria-label=\"Obrotnica Q 20 ton\"><\/div><div class=\"elementor-background-overlay\"><\/div><a class=\"swiper-slide-inner\" href=\"https:\/\/www.beto-met.pl\/pl\/en\/transporting-devices\/\"><div class=\"swiper-slide-contents\"><div class=\"elementor-slide-heading\">Transporting devices<\/div><div  class=\"elementor-button elementor-slide-button elementor-size-sm\">Szczeg\u00f3\u0142y<\/div><\/div><\/a><\/div><div class=\"elementor-repeater-item-d19e55e swiper-slide\" role=\"group\" aria-roledescription=\"slide\"><div class=\"swiper-slide-bg elementor-ken-burns elementor-ken-burns--in\" role=\"img\" aria-label=\"Zaginarka do mat zbrojeniowych\"><\/div><div class=\"elementor-background-overlay\"><\/div><a class=\"swiper-slide-inner\" href=\"https:\/\/www.beto-met.pl\/pl\/en\/folding-machines-for-reinforcing-mats\/\"><div class=\"swiper-slide-contents\"><div class=\"elementor-slide-heading\"> Folding machines for reinforcing mats<\/div><div  class=\"elementor-button elementor-slide-button elementor-size-sm\">Szczeg\u00f3\u0142y<\/div><\/div><\/a><\/div>\t\t\t\t<\/div>\n\t\t\t\t\t\t\t\t\t\t\t\t\t\t\t<div class=\"elementor-swiper-button elementor-swiper-button-prev\" role=\"button\" tabindex=\"0\" aria-label=\"Previous slide\">\n\t\t\t\t\t\t\t<svg aria-hidden=\"true\" class=\"e-font-icon-svg e-eicon-chevron-left\" viewBox=\"0 0 1000 1000\" xmlns=\"http:\/\/www.w3.org\/2000\/svg\"><path d=\"M646 125C629 125 613 133 604 142L308 442C296 454 292 471 292 487 292 504 296 521 308 533L604 854C617 867 629 875 646 875 663 875 679 871 692 858 704 846 713 829 713 812 713 796 708 779 692 767L438 487 692 225C700 217 708 204 708 187 708 171 704 154 692 142 675 129 663 125 646 125Z\"><\/path><\/svg>\t\t\t\t\t\t<\/div>\n\t\t\t\t\t\t<div class=\"elementor-swiper-button elementor-swiper-button-next\" role=\"button\" tabindex=\"0\" aria-label=\"Next slide\">\n\t\t\t\t\t\t\t<svg aria-hidden=\"true\" class=\"e-font-icon-svg e-eicon-chevron-right\" viewBox=\"0 0 1000 1000\" xmlns=\"http:\/\/www.w3.org\/2000\/svg\"><path d=\"M696 533C708 521 713 504 713 487 713 471 708 454 696 446L400 146C388 133 375 125 354 125 338 125 325 129 313 142 300 154 292 171 292 187 292 204 296 221 308 233L563 492 304 771C292 783 288 800 288 817 288 833 296 850 308 863 321 871 338 875 354 875 371 875 388 867 400 854L696 533Z\"><\/path><\/svg>\t\t\t\t\t\t<\/div>\n\t\t\t\t\t\t\t\t\t\t\t\t\t\t\t\t<div class=\"swiper-pagination\"><\/div>\n\t\t\t\t\t\t\t\t\t\t\t\t<\/div>\n\t\t\t\t\t\t\t\t<\/div>\n\t\t\t\t\t<\/div>\n\t\t<\/div>\n\t\t\t\t\t<\/div>\n\t\t<\/section>\n\t\t\t\t<section class=\"elementor-section elementor-top-section elementor-element elementor-element-48059a3 elementor-section-stretched elementor-section-full_width elementor-section-height-default elementor-section-height-default\" data-id=\"48059a3\" data-element_type=\"section\" data-e-type=\"section\" data-settings=\"{&quot;background_background&quot;:&quot;classic&quot;,&quot;stretch_section&quot;:&quot;section-stretched&quot;}\">\n\t\t\t\t\t\t<div class=\"elementor-container elementor-column-gap-default\">\n\t\t\t\t\t<div class=\"elementor-column elementor-col-100 elementor-top-column elementor-element elementor-element-91040c2\" data-id=\"91040c2\" data-element_type=\"column\" data-e-type=\"column\">\n\t\t\t<div class=\"elementor-widget-wrap elementor-element-populated\">\n\t\t\t\t\t\t<div class=\"elementor-element elementor-element-aa5550e elementor-widget elementor-widget-heading\" data-id=\"aa5550e\" data-element_type=\"widget\" data-e-type=\"widget\" data-widget_type=\"heading.default\">\n\t\t\t\t\t<h2 class=\"elementor-heading-title elementor-size-default\">Everything for concrete<\/h2>\t\t\t\t<\/div>\n\t\t\t\t<div class=\"elementor-element elementor-element-72dbe69 elementor-widget elementor-widget-heading\" data-id=\"72dbe69\" data-element_type=\"widget\" data-e-type=\"widget\" data-widget_type=\"heading.default\">\n\t\t\t\t\t<h2 class=\"elementor-heading-title elementor-size-default\">Your vision our inspiration<\/h2>\t\t\t\t<\/div>\n\t\t\t\t\t<\/div>\n\t\t<\/div>\n\t\t\t\t\t<\/div>\n\t\t<\/section>\n\t\t\t\t<section class=\"elementor-section elementor-top-section elementor-element elementor-element-afb1b09 elementor-section-full_width elementor-section-stretched elementor-section-height-default elementor-section-height-default\" data-id=\"afb1b09\" data-element_type=\"section\" data-e-type=\"section\" data-settings=\"{&quot;stretch_section&quot;:&quot;section-stretched&quot;}\">\n\t\t\t\t\t\t<div class=\"elementor-container elementor-column-gap-extended\">\n\t\t\t\t\t<div class=\"elementor-column elementor-col-20 elementor-top-column elementor-element elementor-element-4d7f7d9\" data-id=\"4d7f7d9\" data-element_type=\"column\" data-e-type=\"column\" data-settings=\"{&quot;motion_fx_motion_fx_mouse&quot;:&quot;yes&quot;,&quot;animation&quot;:&quot;none&quot;}\">\n\t\t\t<div class=\"elementor-widget-wrap elementor-element-populated\">\n\t\t\t\t\t\t<div class=\"elementor-element elementor-element-849d84c elementor-widget elementor-widget-image\" data-id=\"849d84c\" data-element_type=\"widget\" data-e-type=\"widget\" data-settings=\"{&quot;_animation&quot;:&quot;none&quot;}\" data-widget_type=\"image.default\">\n\t\t\t\t\t\t\t\t\t\t\t\t\t\t\t\t<a href=\"http:\/\/www.beto-met.pl\/systemy-szalunkowe\/\">\n\t\t\t\t\t\t\t<img fetchpriority=\"high\" decoding=\"async\" width=\"480\" height=\"267\" src=\"https:\/\/www.beto-met.pl\/pl\/wp-content\/uploads\/2021\/04\/szama-eng.jpg\" class=\"elementor-animation-grow attachment-full size-full wp-image-2663\" alt=\"\" srcset=\"https:\/\/www.beto-met.pl\/pl\/wp-content\/uploads\/2021\/04\/szama-eng.jpg 480w, https:\/\/www.beto-met.pl\/pl\/wp-content\/uploads\/2021\/04\/szama-eng-300x167.jpg 300w\" sizes=\"(max-width: 480px) 100vw, 480px\" \/>\t\t\t\t\t\t\t\t<\/a>\n\t\t\t\t\t\t\t\t\t\t\t\t\t\t\t<\/div>\n\t\t\t\t\t<\/div>\n\t\t<\/div>\n\t\t\t\t<div class=\"elementor-column elementor-col-20 elementor-top-column elementor-element elementor-element-a1866ad\" data-id=\"a1866ad\" data-element_type=\"column\" data-e-type=\"column\">\n\t\t\t<div class=\"elementor-widget-wrap elementor-element-populated\">\n\t\t\t\t\t\t<div class=\"elementor-element elementor-element-1eb4d07 elementor-widget elementor-widget-image\" data-id=\"1eb4d07\" data-element_type=\"widget\" data-e-type=\"widget\" data-widget_type=\"image.default\">\n\t\t\t\t\t\t\t\t\t\t\t\t\t\t\t\t<a href=\"https:\/\/www.beto-met.pl\/pl\/en\/offer\/\">\n\t\t\t\t\t\t\t<img decoding=\"async\" width=\"480\" height=\"267\" src=\"https:\/\/www.beto-met.pl\/pl\/wp-content\/uploads\/2021\/04\/mof-eng-1.jpg\" class=\"elementor-animation-grow attachment-full size-full wp-image-2669\" alt=\"\" srcset=\"https:\/\/www.beto-met.pl\/pl\/wp-content\/uploads\/2021\/04\/mof-eng-1.jpg 480w, https:\/\/www.beto-met.pl\/pl\/wp-content\/uploads\/2021\/04\/mof-eng-1-300x167.jpg 300w\" sizes=\"(max-width: 480px) 100vw, 480px\" \/>\t\t\t\t\t\t\t\t<\/a>\n\t\t\t\t\t\t\t\t\t\t\t\t\t\t\t<\/div>\n\t\t\t\t\t<\/div>\n\t\t<\/div>\n\t\t\t\t<div class=\"elementor-column elementor-col-20 elementor-top-column elementor-element elementor-element-c3936af\" data-id=\"c3936af\" data-element_type=\"column\" data-e-type=\"column\">\n\t\t\t<div class=\"elementor-widget-wrap elementor-element-populated\">\n\t\t\t\t\t\t<div class=\"elementor-element elementor-element-4119d13 elementor-widget elementor-widget-image\" data-id=\"4119d13\" data-element_type=\"widget\" data-e-type=\"widget\" data-widget_type=\"image.default\">\n\t\t\t\t\t\t\t\t\t\t\t\t\t\t\t\t<a href=\"https:\/\/www.beto-met.pl\/pl\/en\/automatics\/\">\n\t\t\t\t\t\t\t<img decoding=\"async\" width=\"480\" height=\"267\" src=\"https:\/\/www.beto-met.pl\/pl\/wp-content\/uploads\/2021\/04\/automatyka-eng.jpg\" class=\"elementor-animation-grow attachment-full size-full wp-image-2665\" alt=\"\" srcset=\"https:\/\/www.beto-met.pl\/pl\/wp-content\/uploads\/2021\/04\/automatyka-eng.jpg 480w, https:\/\/www.beto-met.pl\/pl\/wp-content\/uploads\/2021\/04\/automatyka-eng-300x167.jpg 300w\" sizes=\"(max-width: 480px) 100vw, 480px\" \/>\t\t\t\t\t\t\t\t<\/a>\n\t\t\t\t\t\t\t\t\t\t\t\t\t\t\t<\/div>\n\t\t\t\t\t<\/div>\n\t\t<\/div>\n\t\t\t\t<div class=\"elementor-column elementor-col-20 elementor-top-column elementor-element elementor-element-112d424\" data-id=\"112d424\" data-element_type=\"column\" data-e-type=\"column\">\n\t\t\t<div class=\"elementor-widget-wrap elementor-element-populated\">\n\t\t\t\t\t\t<div class=\"elementor-element elementor-element-fc0ecee elementor-widget elementor-widget-image\" data-id=\"fc0ecee\" data-element_type=\"widget\" data-e-type=\"widget\" data-widget_type=\"image.default\">\n\t\t\t\t\t\t\t\t\t\t\t\t\t\t\t\t<a href=\"http:\/\/www.beto-met.pl\/eps\/\">\n\t\t\t\t\t\t\t<img loading=\"lazy\" decoding=\"async\" width=\"480\" height=\"267\" src=\"https:\/\/www.beto-met.pl\/pl\/wp-content\/uploads\/2021\/03\/eps-1.jpg\" class=\"elementor-animation-grow attachment-full size-full wp-image-2060\" alt=\"\" srcset=\"https:\/\/www.beto-met.pl\/pl\/wp-content\/uploads\/2021\/03\/eps-1.jpg 480w, https:\/\/www.beto-met.pl\/pl\/wp-content\/uploads\/2021\/03\/eps-1-300x167.jpg 300w\" sizes=\"(max-width: 480px) 100vw, 480px\" \/>\t\t\t\t\t\t\t\t<\/a>\n\t\t\t\t\t\t\t\t\t\t\t\t\t\t\t<\/div>\n\t\t\t\t\t<\/div>\n\t\t<\/div>\n\t\t\t\t<div class=\"elementor-column elementor-col-20 elementor-top-column elementor-element elementor-element-a42ca49\" data-id=\"a42ca49\" data-element_type=\"column\" data-e-type=\"column\">\n\t\t\t<div class=\"elementor-widget-wrap elementor-element-populated\">\n\t\t\t\t\t\t<div class=\"elementor-element elementor-element-93d90d9 elementor-widget elementor-widget-image\" data-id=\"93d90d9\" data-element_type=\"widget\" data-e-type=\"widget\" data-widget_type=\"image.default\">\n\t\t\t\t\t\t\t\t\t\t\t\t\t\t\t\t<a href=\"https:\/\/www.beto-met.pl\/pl\/linia-do-plyt-peronowych\/\">\n\t\t\t\t\t\t\t<img loading=\"lazy\" decoding=\"async\" width=\"480\" height=\"267\" src=\"https:\/\/www.beto-met.pl\/pl\/wp-content\/uploads\/2021\/04\/inno-eng.jpg\" class=\"elementor-animation-grow attachment-large size-large wp-image-2666\" alt=\"\" srcset=\"https:\/\/www.beto-met.pl\/pl\/wp-content\/uploads\/2021\/04\/inno-eng.jpg 480w, https:\/\/www.beto-met.pl\/pl\/wp-content\/uploads\/2021\/04\/inno-eng-300x167.jpg 300w\" sizes=\"(max-width: 480px) 100vw, 480px\" \/>\t\t\t\t\t\t\t\t<\/a>\n\t\t\t\t\t\t\t\t\t\t\t\t\t\t\t<\/div>\n\t\t\t\t\t<\/div>\n\t\t<\/div>\n\t\t\t\t\t<\/div>\n\t\t<\/section>\n\t\t\t\t<section class=\"elementor-section elementor-top-section elementor-element elementor-element-fe7a770 elementor-section-full_width elementor-section-stretched elementor-section-height-default elementor-section-height-default\" data-id=\"fe7a770\" data-element_type=\"section\" data-e-type=\"section\" data-settings=\"{&quot;stretch_section&quot;:&quot;section-stretched&quot;}\">\n\t\t\t\t\t\t<div class=\"elementor-container elementor-column-gap-default\">\n\t\t\t\t\t<div class=\"elementor-column elementor-col-100 elementor-top-column elementor-element elementor-element-bbcf5ac\" data-id=\"bbcf5ac\" data-element_type=\"column\" data-e-type=\"column\">\n\t\t\t<div class=\"elementor-widget-wrap elementor-element-populated\">\n\t\t\t\t\t\t<div class=\"elementor-element elementor-element-9415ef5 elementor-widget elementor-widget-heading\" data-id=\"9415ef5\" data-element_type=\"widget\" data-e-type=\"widget\" data-widget_type=\"heading.default\">\n\t\t\t\t\t<h2 class=\"elementor-heading-title elementor-size-default\">Up to date<\/h2>\t\t\t\t<\/div>\n\t\t\t\t\t<\/div>\n\t\t<\/div>\n\t\t\t\t\t<\/div>\n\t\t<\/section>\n\t\t\t\t<\/div>\n\t\t","protected":false},"excerpt":{"rendered":"<p>Automatic concrete machineMachine for products from DN 500 to DN 3000DetailsCirculation lineFor the production of concrete products from diameter DN 500 &#8211; DN 1500Click HereWall production lineFor double slabsClick HereMilling machine 5 axisSzczeg\u00f3\u0142yProduction line for platform slabsSzczeg\u00f3\u0142yDrillerSzczeg\u00f3\u0142yTransporting devicesSzczeg\u00f3\u0142y Folding machines for reinforcing matsSzczeg\u00f3\u0142y Previous Next Everything for concrete Your vision our inspiration Up to date<\/p>\n","protected":false},"author":1,"featured_media":0,"parent":0,"menu_order":0,"comment_status":"closed","ping_status":"closed","template":"","meta":{"ocean_post_layout":"","ocean_both_sidebars_style":"","ocean_both_sidebars_content_width":0,"ocean_both_sidebars_sidebars_width":0,"ocean_sidebar":"0","ocean_second_sidebar":"0","ocean_disable_margins":"enable","ocean_add_body_class":"","ocean_shortcode_before_top_bar":"","ocean_shortcode_after_top_bar":"","ocean_shortcode_before_header":"","ocean_shortcode_after_header":"","ocean_has_shortcode":"","ocean_shortcode_after_title":"","ocean_shortcode_before_footer_widgets":"","ocean_shortcode_after_footer_widgets":"","ocean_shortcode_before_footer_bottom":"","ocean_shortcode_after_footer_bottom":"","ocean_display_top_bar":"default","ocean_display_header":"default","ocean_header_style":"","ocean_center_header_left_menu":"0","ocean_custom_header_template":"0","ocean_custom_logo":0,"ocean_custom_retina_logo":0,"ocean_custom_logo_max_width":0,"ocean_custom_logo_tablet_max_width":0,"ocean_custom_logo_mobile_max_width":0,"ocean_custom_logo_max_height":0,"ocean_custom_logo_tablet_max_height":0,"ocean_custom_logo_mobile_max_height":0,"ocean_header_custom_menu":"0","ocean_menu_typo_font_family":"0","ocean_menu_typo_font_subset":"","ocean_menu_typo_font_size":0,"ocean_menu_typo_font_size_tablet":0,"ocean_menu_typo_font_size_mobile":0,"ocean_menu_typo_font_size_unit":"px","ocean_menu_typo_font_weight":"","ocean_menu_typo_font_weight_tablet":"","ocean_menu_typo_font_weight_mobile":"","ocean_menu_typo_transform":"","ocean_menu_typo_transform_tablet":"","ocean_menu_typo_transform_mobile":"","ocean_menu_typo_line_height":0,"ocean_menu_typo_line_height_tablet":0,"ocean_menu_typo_line_height_mobile":0,"ocean_menu_typo_line_height_unit":"","ocean_menu_typo_spacing":0,"ocean_menu_typo_spacing_tablet":0,"ocean_menu_typo_spacing_mobile":0,"ocean_menu_typo_spacing_unit":"","ocean_menu_link_color":"","ocean_menu_link_color_hover":"","ocean_menu_link_color_active":"","ocean_menu_link_background":"","ocean_menu_link_hover_background":"","ocean_menu_link_active_background":"","ocean_menu_social_links_bg":"","ocean_menu_social_hover_links_bg":"","ocean_menu_social_links_color":"","ocean_menu_social_hover_links_color":"","ocean_disable_title":"on","ocean_disable_heading":"default","ocean_post_title":"","ocean_post_subheading":"","ocean_post_title_style":"","ocean_post_title_background_color":"","ocean_post_title_background":0,"ocean_post_title_bg_image_position":"","ocean_post_title_bg_image_attachment":"","ocean_post_title_bg_image_repeat":"","ocean_post_title_bg_image_size":"","ocean_post_title_height":0,"ocean_post_title_bg_overlay":0.5,"ocean_post_title_bg_overlay_color":"","ocean_disable_breadcrumbs":"default","ocean_breadcrumbs_color":"","ocean_breadcrumbs_separator_color":"","ocean_breadcrumbs_links_color":"","ocean_breadcrumbs_links_hover_color":"","ocean_display_footer_widgets":"default","ocean_display_footer_bottom":"default","ocean_custom_footer_template":"0","footnotes":"","_links_to":"","_links_to_target":""},"class_list":["post-2196","page","type-page","status-publish","hentry","entry"],"_links":{"self":[{"href":"https:\/\/www.beto-met.pl\/pl\/wp-json\/wp\/v2\/pages\/2196","targetHints":{"allow":["GET"]}}],"collection":[{"href":"https:\/\/www.beto-met.pl\/pl\/wp-json\/wp\/v2\/pages"}],"about":[{"href":"https:\/\/www.beto-met.pl\/pl\/wp-json\/wp\/v2\/types\/page"}],"author":[{"embeddable":true,"href":"https:\/\/www.beto-met.pl\/pl\/wp-json\/wp\/v2\/users\/1"}],"replies":[{"embeddable":true,"href":"https:\/\/www.beto-met.pl\/pl\/wp-json\/wp\/v2\/comments?post=2196"}],"version-history":[{"count":4,"href":"https:\/\/www.beto-met.pl\/pl\/wp-json\/wp\/v2\/pages\/2196\/revisions"}],"predecessor-version":[{"id":4688,"href":"https:\/\/www.beto-met.pl\/pl\/wp-json\/wp\/v2\/pages\/2196\/revisions\/4688"}],"wp:attachment":[{"href":"https:\/\/www.beto-met.pl\/pl\/wp-json\/wp\/v2\/media?parent=2196"}],"curies":[{"name":"wp","href":"https:\/\/api.w.org\/{rel}","templated":true}]}}