{"id":210,"date":"2019-10-08T13:59:35","date_gmt":"2019-10-08T11:59:35","guid":{"rendered":"http:\/\/www.beto-met.pl\/systemy-szalunkowe\/?page_id=210"},"modified":"2025-08-12T08:46:44","modified_gmt":"2025-08-12T06:46:44","slug":"kontakt","status":"publish","type":"page","link":"https:\/\/www.beto-met.pl\/systemy-szalunkowe\/kontakt\/","title":{"rendered":"Kontakt"},"content":{"rendered":"\t\t<div data-elementor-type=\"wp-page\" data-elementor-id=\"210\" class=\"elementor elementor-210\">\n\t\t\t\t\t\t<section class=\"elementor-section elementor-top-section elementor-element elementor-element-58b1fc5 elementor-section-boxed elementor-section-height-default elementor-section-height-default\" data-id=\"58b1fc5\" data-element_type=\"section\" data-e-type=\"section\">\n\t\t\t\t\t\t<div class=\"elementor-container elementor-column-gap-default\">\n\t\t\t\t\t<div class=\"elementor-column elementor-col-100 elementor-top-column elementor-element elementor-element-ffc541e\" data-id=\"ffc541e\" data-element_type=\"column\" data-e-type=\"column\">\n\t\t\t<div class=\"elementor-widget-wrap elementor-element-populated\">\n\t\t\t\t\t\t<div class=\"elementor-element elementor-element-1ebfb69 elementor-widget elementor-widget-text-editor\" data-id=\"1ebfb69\" data-element_type=\"widget\" data-e-type=\"widget\" data-widget_type=\"text-editor.default\">\n\t\t\t\t<div class=\"elementor-widget-container\">\n\t\t\t\t\t\t\t\t\t<p>Betomet Sp.z o.o.<br \/>Szymonk\u00f3w 46-250 ul.M\u0142y\u0144ska 23A<br \/>Tel. +48 774140213<\/p><p>Kontakt poprzez poczt\u0119 elektroniczn\u0105:<\/p><p>Karol Polaszczyk &#8211; kp@beto-met.pl<br \/>Tel. +48792109900<\/p>\t\t\t\t\t\t\t\t<\/div>\n\t\t\t\t<\/div>\n\t\t\t\t\t<\/div>\n\t\t<\/div>\n\t\t\t\t\t<\/div>\n\t\t<\/section>\n\t\t\t\t<section class=\"elementor-section elementor-top-section elementor-element elementor-element-61207d5 elementor-section-boxed elementor-section-height-default elementor-section-height-default\" data-id=\"61207d5\" data-element_type=\"section\" data-e-type=\"section\">\n\t\t\t\t\t\t<div class=\"elementor-container elementor-column-gap-default\">\n\t\t\t\t\t<div class=\"elementor-column elementor-col-100 elementor-top-column elementor-element elementor-element-f117a55\" data-id=\"f117a55\" data-element_type=\"column\" data-e-type=\"column\">\n\t\t\t<div class=\"elementor-widget-wrap elementor-element-populated\">\n\t\t\t\t\t\t<div class=\"elementor-element elementor-element-a6adee6 elementor-widget elementor-widget-google_maps\" data-id=\"a6adee6\" data-element_type=\"widget\" data-e-type=\"widget\" data-widget_type=\"google_maps.default\">\n\t\t\t\t<div class=\"elementor-widget-container\">\n\t\t\t\t\t\t\t<div class=\"elementor-custom-embed\">\n\t\t\t<iframe loading=\"lazy\"\n\t\t\t\t\tsrc=\"https:\/\/maps.google.com\/maps?q=Betomet%20Sp.z%20o.o.%20Szymonk%C3%B3w%20ul.M%C5%82y%C5%84ska%2023A&#038;t=m&#038;z=10&#038;output=embed&#038;iwloc=near\"\n\t\t\t\t\ttitle=\"Betomet Sp.z o.o. Szymonk\u00f3w ul.M\u0142y\u0144ska 23A\"\n\t\t\t\t\taria-label=\"Betomet Sp.z o.o. Szymonk\u00f3w ul.M\u0142y\u0144ska 23A\"\n\t\t\t><\/iframe>\n\t\t<\/div>\n\t\t\t\t\t\t<\/div>\n\t\t\t\t<\/div>\n\t\t\t\t\t<\/div>\n\t\t<\/div>\n\t\t\t\t\t<\/div>\n\t\t<\/section>\n\t\t\t\t<\/div>\n\t\t","protected":false},"excerpt":{"rendered":"<p>Betomet Sp.z o.o.Szymonk\u00f3w 46-250 ul.M\u0142y\u0144ska 23ATel. +48 774140213 Kontakt poprzez poczt\u0119 elektroniczn\u0105: Karol Polaszczyk &#8211; kp@beto-met.plTel. +48792109900<\/p>\n","protected":false},"author":1,"featured_media":0,"parent":0,"menu_order":0,"comment_status":"closed","ping_status":"closed","template":"","meta":{"footnotes":"","_links_to":"","_links_to_target":""},"class_list":["post-210","page","type-page","status-publish","hentry"],"yoast_head":"<!-- This site is optimized with the Yoast SEO plugin v27.4 - https:\/\/yoast.com\/product\/yoast-seo-wordpress\/ -->\n<title>Betomet - Systemy szalunkowe, prefabrykacja, magnesy - kontakt<\/title>\n<meta name=\"description\" content=\"Systemy szalunkowe, magnesy do prefabykacji, prefabrykacj, magnesy RTB, magnesy RTD, profile magnetyczne, listwy typu U, tr\u00f3jk\u0105ty stalowe (dreikant)\" \/>\n<meta name=\"robots\" content=\"index, follow, max-snippet:-1, max-image-preview:large, max-video-preview:-1\" \/>\n<link rel=\"canonical\" href=\"https:\/\/www.beto-met.pl\/systemy-szalunkowe\/kontakt\/\" \/>\n<meta property=\"og:locale\" content=\"pl_PL\" \/>\n<meta property=\"og:type\" content=\"article\" \/>\n<meta property=\"og:title\" content=\"Betomet - Systemy szalunkowe, prefabrykacja, magnesy - kontakt\" \/>\n<meta property=\"og:description\" content=\"Systemy szalunkowe, magnesy do prefabykacji, prefabrykacj, magnesy RTB, magnesy RTD, profile magnetyczne, listwy typu U, tr\u00f3jk\u0105ty stalowe (dreikant)\" \/>\n<meta property=\"og:url\" content=\"https:\/\/www.beto-met.pl\/systemy-szalunkowe\/kontakt\/\" \/>\n<meta property=\"article:publisher\" content=\"https:\/\/www.facebook.com\/fabrykamaszyn\/\" \/>\n<meta property=\"article:modified_time\" content=\"2025-08-12T06:46:44+00:00\" \/>\n<meta name=\"twitter:card\" content=\"summary_large_image\" \/>\n<meta name=\"twitter:label1\" content=\"Szacowany czas czytania\" \/>\n\t<meta name=\"twitter:data1\" content=\"1 minuta\" \/>\n<script type=\"application\/ld+json\" class=\"yoast-schema-graph\">{\"@context\":\"https:\\\/\\\/schema.org\",\"@graph\":[{\"@type\":\"WebPage\",\"@id\":\"https:\\\/\\\/www.beto-met.pl\\\/systemy-szalunkowe\\\/kontakt\\\/\",\"url\":\"https:\\\/\\\/www.beto-met.pl\\\/systemy-szalunkowe\\\/kontakt\\\/\",\"name\":\"Betomet - Systemy szalunkowe, prefabrykacja, magnesy - kontakt\",\"isPartOf\":{\"@id\":\"https:\\\/\\\/www.beto-met.pl\\\/systemy-szalunkowe\\\/#website\"},\"datePublished\":\"2019-10-08T11:59:35+00:00\",\"dateModified\":\"2025-08-12T06:46:44+00:00\",\"description\":\"Systemy szalunkowe, magnesy do prefabykacji, prefabrykacj, magnesy RTB, magnesy RTD, profile magnetyczne, listwy typu U, tr\u00f3jk\u0105ty stalowe (dreikant)\",\"breadcrumb\":{\"@id\":\"https:\\\/\\\/www.beto-met.pl\\\/systemy-szalunkowe\\\/kontakt\\\/#breadcrumb\"},\"inLanguage\":\"pl-PL\",\"potentialAction\":[{\"@type\":\"ReadAction\",\"target\":[\"https:\\\/\\\/www.beto-met.pl\\\/systemy-szalunkowe\\\/kontakt\\\/\"]}]},{\"@type\":\"BreadcrumbList\",\"@id\":\"https:\\\/\\\/www.beto-met.pl\\\/systemy-szalunkowe\\\/kontakt\\\/#breadcrumb\",\"itemListElement\":[{\"@type\":\"ListItem\",\"position\":1,\"name\":\"Strona g\u0142\u00f3wna\",\"item\":\"http:\\\/\\\/www.beto-met.pl\\\/systemy-szalunkowe\\\/\"},{\"@type\":\"ListItem\",\"position\":2,\"name\":\"Kontakt\"}]},{\"@type\":\"WebSite\",\"@id\":\"https:\\\/\\\/www.beto-met.pl\\\/systemy-szalunkowe\\\/#website\",\"url\":\"https:\\\/\\\/www.beto-met.pl\\\/systemy-szalunkowe\\\/\",\"name\":\"\",\"description\":\"Systemy szalunkowe\",\"publisher\":{\"@id\":\"https:\\\/\\\/www.beto-met.pl\\\/systemy-szalunkowe\\\/#organization\"},\"potentialAction\":[{\"@type\":\"SearchAction\",\"target\":{\"@type\":\"EntryPoint\",\"urlTemplate\":\"https:\\\/\\\/www.beto-met.pl\\\/systemy-szalunkowe\\\/?s={search_term_string}\"},\"query-input\":{\"@type\":\"PropertyValueSpecification\",\"valueRequired\":true,\"valueName\":\"search_term_string\"}}],\"inLanguage\":\"pl-PL\"},{\"@type\":\"Organization\",\"@id\":\"https:\\\/\\\/www.beto-met.pl\\\/systemy-szalunkowe\\\/#organization\",\"name\":\"Betomet Sp. z o.o. Systemy szalunkowe\",\"url\":\"https:\\\/\\\/www.beto-met.pl\\\/systemy-szalunkowe\\\/\",\"logo\":{\"@type\":\"ImageObject\",\"inLanguage\":\"pl-PL\",\"@id\":\"https:\\\/\\\/www.beto-met.pl\\\/systemy-szalunkowe\\\/#\\\/schema\\\/logo\\\/image\\\/\",\"url\":\"https:\\\/\\\/www.beto-met.pl\\\/systemy-szalunkowe\\\/wp-content\\\/uploads\\\/2019\\\/10\\\/cropped-Logo-Betomet-2.png\",\"contentUrl\":\"https:\\\/\\\/www.beto-met.pl\\\/systemy-szalunkowe\\\/wp-content\\\/uploads\\\/2019\\\/10\\\/cropped-Logo-Betomet-2.png\",\"width\":820,\"height\":607,\"caption\":\"Betomet Sp. z o.o. Systemy szalunkowe\"},\"image\":{\"@id\":\"https:\\\/\\\/www.beto-met.pl\\\/systemy-szalunkowe\\\/#\\\/schema\\\/logo\\\/image\\\/\"},\"sameAs\":[\"https:\\\/\\\/www.facebook.com\\\/fabrykamaszyn\\\/\"]}]}<\/script>\n<!-- \/ Yoast SEO plugin. -->","yoast_head_json":{"title":"Betomet - Systemy szalunkowe, prefabrykacja, magnesy - kontakt","description":"Systemy szalunkowe, magnesy do prefabykacji, prefabrykacj, magnesy RTB, magnesy RTD, profile magnetyczne, listwy typu U, tr\u00f3jk\u0105ty stalowe (dreikant)","robots":{"index":"index","follow":"follow","max-snippet":"max-snippet:-1","max-image-preview":"max-image-preview:large","max-video-preview":"max-video-preview:-1"},"canonical":"https:\/\/www.beto-met.pl\/systemy-szalunkowe\/kontakt\/","og_locale":"pl_PL","og_type":"article","og_title":"Betomet - Systemy szalunkowe, prefabrykacja, magnesy - kontakt","og_description":"Systemy szalunkowe, magnesy do prefabykacji, prefabrykacj, magnesy RTB, magnesy RTD, profile magnetyczne, listwy typu U, tr\u00f3jk\u0105ty stalowe (dreikant)","og_url":"https:\/\/www.beto-met.pl\/systemy-szalunkowe\/kontakt\/","article_publisher":"https:\/\/www.facebook.com\/fabrykamaszyn\/","article_modified_time":"2025-08-12T06:46:44+00:00","twitter_card":"summary_large_image","twitter_misc":{"Szacowany czas czytania":"1 minuta"},"schema":{"@context":"https:\/\/schema.org","@graph":[{"@type":"WebPage","@id":"https:\/\/www.beto-met.pl\/systemy-szalunkowe\/kontakt\/","url":"https:\/\/www.beto-met.pl\/systemy-szalunkowe\/kontakt\/","name":"Betomet - Systemy szalunkowe, prefabrykacja, magnesy - kontakt","isPartOf":{"@id":"https:\/\/www.beto-met.pl\/systemy-szalunkowe\/#website"},"datePublished":"2019-10-08T11:59:35+00:00","dateModified":"2025-08-12T06:46:44+00:00","description":"Systemy szalunkowe, magnesy do prefabykacji, prefabrykacj, magnesy RTB, magnesy RTD, profile magnetyczne, listwy typu U, tr\u00f3jk\u0105ty stalowe (dreikant)","breadcrumb":{"@id":"https:\/\/www.beto-met.pl\/systemy-szalunkowe\/kontakt\/#breadcrumb"},"inLanguage":"pl-PL","potentialAction":[{"@type":"ReadAction","target":["https:\/\/www.beto-met.pl\/systemy-szalunkowe\/kontakt\/"]}]},{"@type":"BreadcrumbList","@id":"https:\/\/www.beto-met.pl\/systemy-szalunkowe\/kontakt\/#breadcrumb","itemListElement":[{"@type":"ListItem","position":1,"name":"Strona g\u0142\u00f3wna","item":"http:\/\/www.beto-met.pl\/systemy-szalunkowe\/"},{"@type":"ListItem","position":2,"name":"Kontakt"}]},{"@type":"WebSite","@id":"https:\/\/www.beto-met.pl\/systemy-szalunkowe\/#website","url":"https:\/\/www.beto-met.pl\/systemy-szalunkowe\/","name":"","description":"Systemy szalunkowe","publisher":{"@id":"https:\/\/www.beto-met.pl\/systemy-szalunkowe\/#organization"},"potentialAction":[{"@type":"SearchAction","target":{"@type":"EntryPoint","urlTemplate":"https:\/\/www.beto-met.pl\/systemy-szalunkowe\/?s={search_term_string}"},"query-input":{"@type":"PropertyValueSpecification","valueRequired":true,"valueName":"search_term_string"}}],"inLanguage":"pl-PL"},{"@type":"Organization","@id":"https:\/\/www.beto-met.pl\/systemy-szalunkowe\/#organization","name":"Betomet Sp. z o.o. Systemy szalunkowe","url":"https:\/\/www.beto-met.pl\/systemy-szalunkowe\/","logo":{"@type":"ImageObject","inLanguage":"pl-PL","@id":"https:\/\/www.beto-met.pl\/systemy-szalunkowe\/#\/schema\/logo\/image\/","url":"https:\/\/www.beto-met.pl\/systemy-szalunkowe\/wp-content\/uploads\/2019\/10\/cropped-Logo-Betomet-2.png","contentUrl":"https:\/\/www.beto-met.pl\/systemy-szalunkowe\/wp-content\/uploads\/2019\/10\/cropped-Logo-Betomet-2.png","width":820,"height":607,"caption":"Betomet Sp. z o.o. Systemy szalunkowe"},"image":{"@id":"https:\/\/www.beto-met.pl\/systemy-szalunkowe\/#\/schema\/logo\/image\/"},"sameAs":["https:\/\/www.facebook.com\/fabrykamaszyn\/"]}]}},"_links":{"self":[{"href":"https:\/\/www.beto-met.pl\/systemy-szalunkowe\/wp-json\/wp\/v2\/pages\/210","targetHints":{"allow":["GET"]}}],"collection":[{"href":"https:\/\/www.beto-met.pl\/systemy-szalunkowe\/wp-json\/wp\/v2\/pages"}],"about":[{"href":"https:\/\/www.beto-met.pl\/systemy-szalunkowe\/wp-json\/wp\/v2\/types\/page"}],"author":[{"embeddable":true,"href":"https:\/\/www.beto-met.pl\/systemy-szalunkowe\/wp-json\/wp\/v2\/users\/1"}],"replies":[{"embeddable":true,"href":"https:\/\/www.beto-met.pl\/systemy-szalunkowe\/wp-json\/wp\/v2\/comments?post=210"}],"version-history":[{"count":10,"href":"https:\/\/www.beto-met.pl\/systemy-szalunkowe\/wp-json\/wp\/v2\/pages\/210\/revisions"}],"predecessor-version":[{"id":392,"href":"https:\/\/www.beto-met.pl\/systemy-szalunkowe\/wp-json\/wp\/v2\/pages\/210\/revisions\/392"}],"wp:attachment":[{"href":"https:\/\/www.beto-met.pl\/systemy-szalunkowe\/wp-json\/wp\/v2\/media?parent=210"}],"curies":[{"name":"wp","href":"https:\/\/api.w.org\/{rel}","templated":true}]}}