{"id":349,"date":"2022-10-05T11:23:14","date_gmt":"2022-10-05T09:23:14","guid":{"rendered":"https:\/\/www.beto-met.pl\/systemy-szalunkowe\/?page_id=349"},"modified":"2022-10-05T11:24:26","modified_gmt":"2022-10-05T09:24:26","slug":"przegrody-magnetyczne","status":"publish","type":"page","link":"https:\/\/www.beto-met.pl\/systemy-szalunkowe\/przegrody-magnetyczne\/","title":{"rendered":"Przegrody magnetyczne"},"content":{"rendered":"\t\t<div data-elementor-type=\"wp-page\" data-elementor-id=\"349\" class=\"elementor elementor-349\">\n\t\t\t\t\t\t<section class=\"elementor-section elementor-top-section elementor-element elementor-element-22c74c2 elementor-section-boxed elementor-section-height-default elementor-section-height-default\" data-id=\"22c74c2\" data-element_type=\"section\" data-e-type=\"section\">\n\t\t\t\t\t\t<div class=\"elementor-container elementor-column-gap-default\">\n\t\t\t\t\t<div class=\"elementor-column elementor-col-100 elementor-top-column elementor-element elementor-element-08123cb\" data-id=\"08123cb\" data-element_type=\"column\" data-e-type=\"column\">\n\t\t\t<div class=\"elementor-widget-wrap elementor-element-populated\">\n\t\t\t\t\t\t<div class=\"elementor-element elementor-element-b685943 elementor-widget elementor-widget-text-editor\" data-id=\"b685943\" data-element_type=\"widget\" data-e-type=\"widget\" data-widget_type=\"text-editor.default\">\n\t\t\t\t<div class=\"elementor-widget-container\">\n\t\t\t\t\t\t\t\t\t<p>System szalunkowy z\u0142o\u017cony ze stalowych blach oraz zintegrowanych magnes\u00f3w, przeznaczony przede wszystkim do seryjnej prefabrykacji:<\/p><p>&#8211; \u015bcian pe\u0142nych lub warstwowych,<br \/>&#8211; s\u0142up\u00f3w,<br \/>&#8211; podci\u0105g\u00f3w,<br \/>&#8211; rygli<br \/>&#8211; oraz innych element\u00f3w prefabrykowanych.<\/p><p>Przegrody te dostosowywane s\u0105 do indywidualnych potrzeb klienta. Ich wymiary, tj.: wysoko\u015b\u0107, szeroko\u015b\u0107 oraz d\u0142ugo\u015b\u0107 s\u0105 okre\u015blane przez Pa\u0144stwo tak, aby idealnie odpowiedzia\u0142y na potrzeby Pa\u0144stwa produkcji.<\/p><p>Wysokiej jako\u015bci blacha o grubo\u015bci 6 mm idealnie przylega do sto\u0142u, dzi\u0119ki wykorzystaniu zautomatyzowanego ci\u0119cia laserowego. Zastosowanie odpowiednich magnes\u00f3w neodymowych oraz dopracowana konstrukcja systemu zwalniania i odbezpieczania magnesu pozwala nam na prac\u0119 przy u\u017cyciu tego systemu na d\u0142ugie lata.<\/p><p>Dodatkowo przegroda mo\u017ce zosta\u0107 wyposa\u017cona w uchwyty transportowe oraz specjalnie dostosowan\u0105 blach\u0119 zamykaj\u0105c\u0105 przegrod\u0119 od g\u00f3ry, zabezpieczaj\u0105ca system odbezpieczania magnesu przed zalaniem betonem.<\/p>\t\t\t\t\t\t\t\t<\/div>\n\t\t\t\t<\/div>\n\t\t\t\t\t<\/div>\n\t\t<\/div>\n\t\t\t\t\t<\/div>\n\t\t<\/section>\n\t\t\t\t<section class=\"elementor-section elementor-top-section elementor-element elementor-element-8e12139 elementor-section-boxed elementor-section-height-default elementor-section-height-default\" data-id=\"8e12139\" data-element_type=\"section\" data-e-type=\"section\">\n\t\t\t\t\t\t<div class=\"elementor-container elementor-column-gap-default\">\n\t\t\t\t\t<div class=\"elementor-column elementor-col-50 elementor-top-column elementor-element elementor-element-8a2f53e\" data-id=\"8a2f53e\" data-element_type=\"column\" data-e-type=\"column\">\n\t\t\t<div class=\"elementor-widget-wrap elementor-element-populated\">\n\t\t\t\t\t\t<div class=\"elementor-element elementor-element-851c33a elementor-widget elementor-widget-image\" data-id=\"851c33a\" data-element_type=\"widget\" data-e-type=\"widget\" data-widget_type=\"image.default\">\n\t\t\t\t<div class=\"elementor-widget-container\">\n\t\t\t\t\t\t\t\t\t\t\t\t\t\t\t<img fetchpriority=\"high\" decoding=\"async\" width=\"768\" height=\"432\" src=\"https:\/\/www.beto-met.pl\/systemy-szalunkowe\/wp-content\/uploads\/2022\/10\/Przegroda-magnetyczna-typu-H-768x432.png\" class=\"attachment-medium_large size-medium_large wp-image-351\" alt=\"\" srcset=\"https:\/\/www.beto-met.pl\/systemy-szalunkowe\/wp-content\/uploads\/2022\/10\/Przegroda-magnetyczna-typu-H-768x432.png 768w, https:\/\/www.beto-met.pl\/systemy-szalunkowe\/wp-content\/uploads\/2022\/10\/Przegroda-magnetyczna-typu-H-300x169.png 300w, https:\/\/www.beto-met.pl\/systemy-szalunkowe\/wp-content\/uploads\/2022\/10\/Przegroda-magnetyczna-typu-H-1024x575.png 1024w, https:\/\/www.beto-met.pl\/systemy-szalunkowe\/wp-content\/uploads\/2022\/10\/Przegroda-magnetyczna-typu-H-1536x863.png 1536w, https:\/\/www.beto-met.pl\/systemy-szalunkowe\/wp-content\/uploads\/2022\/10\/Przegroda-magnetyczna-typu-H-1140x641.png 1140w, https:\/\/www.beto-met.pl\/systemy-szalunkowe\/wp-content\/uploads\/2022\/10\/Przegroda-magnetyczna-typu-H.png 1931w\" sizes=\"(max-width: 768px) 100vw, 768px\" \/>\t\t\t\t\t\t\t\t\t\t\t\t\t\t\t<\/div>\n\t\t\t\t<\/div>\n\t\t\t\t\t<\/div>\n\t\t<\/div>\n\t\t\t\t<div class=\"elementor-column elementor-col-50 elementor-top-column elementor-element elementor-element-9f9ae6c\" data-id=\"9f9ae6c\" data-element_type=\"column\" data-e-type=\"column\">\n\t\t\t<div class=\"elementor-widget-wrap elementor-element-populated\">\n\t\t\t\t\t\t<div class=\"elementor-element elementor-element-0ff51ef elementor-widget elementor-widget-image\" data-id=\"0ff51ef\" data-element_type=\"widget\" data-e-type=\"widget\" data-widget_type=\"image.default\">\n\t\t\t\t<div class=\"elementor-widget-container\">\n\t\t\t\t\t\t\t\t\t\t\t\t\t\t\t<img decoding=\"async\" width=\"768\" height=\"393\" src=\"https:\/\/www.beto-met.pl\/systemy-szalunkowe\/wp-content\/uploads\/2022\/10\/przegrody-magnetyczne-typu-H-768x393.png\" class=\"attachment-medium_large size-medium_large wp-image-352\" alt=\"\" srcset=\"https:\/\/www.beto-met.pl\/systemy-szalunkowe\/wp-content\/uploads\/2022\/10\/przegrody-magnetyczne-typu-H-768x393.png 768w, https:\/\/www.beto-met.pl\/systemy-szalunkowe\/wp-content\/uploads\/2022\/10\/przegrody-magnetyczne-typu-H-300x154.png 300w, https:\/\/www.beto-met.pl\/systemy-szalunkowe\/wp-content\/uploads\/2022\/10\/przegrody-magnetyczne-typu-H-1024x525.png 1024w, https:\/\/www.beto-met.pl\/systemy-szalunkowe\/wp-content\/uploads\/2022\/10\/przegrody-magnetyczne-typu-H-1536x787.png 1536w, https:\/\/www.beto-met.pl\/systemy-szalunkowe\/wp-content\/uploads\/2022\/10\/przegrody-magnetyczne-typu-H-1140x584.png 1140w, https:\/\/www.beto-met.pl\/systemy-szalunkowe\/wp-content\/uploads\/2022\/10\/przegrody-magnetyczne-typu-H.png 2022w\" sizes=\"(max-width: 768px) 100vw, 768px\" \/>\t\t\t\t\t\t\t\t\t\t\t\t\t\t\t<\/div>\n\t\t\t\t<\/div>\n\t\t\t\t\t<\/div>\n\t\t<\/div>\n\t\t\t\t\t<\/div>\n\t\t<\/section>\n\t\t\t\t<\/div>\n\t\t","protected":false},"excerpt":{"rendered":"<p>System szalunkowy z\u0142o\u017cony ze stalowych blach oraz zintegrowanych magnes\u00f3w, przeznaczony przede wszystkim do seryjnej prefabrykacji: &#8211; \u015bcian pe\u0142nych lub warstwowych,&#8211; s\u0142up\u00f3w,&#8211; podci\u0105g\u00f3w,&#8211; rygli&#8211; oraz innych element\u00f3w prefabrykowanych. Przegrody te dostosowywane s\u0105 do indywidualnych potrzeb klienta. Ich wymiary, tj.: wysoko\u015b\u0107, szeroko\u015b\u0107 oraz d\u0142ugo\u015b\u0107 s\u0105 okre\u015blane przez Pa\u0144stwo tak, aby idealnie odpowiedzia\u0142y na potrzeby Pa\u0144stwa produkcji. Wysokiej jako\u015bci blacha o grubo\u015bci 6 mm idealnie przylega do sto\u0142u, dzi\u0119ki wykorzystaniu zautomatyzowanego ci\u0119cia laserowego. Zastosowanie odpowiednich magnes\u00f3w neodymowych oraz dopracowana konstrukcja systemu zwalniania i odbezpieczania magnesu pozwala nam na prac\u0119 przy u\u017cyciu tego systemu na d\u0142ugie lata. Dodatkowo przegroda mo\u017ce zosta\u0107 wyposa\u017cona w uchwyty transportowe oraz specjalnie dostosowan\u0105 blach\u0119 zamykaj\u0105c\u0105 przegrod\u0119 od g\u00f3ry, zabezpieczaj\u0105ca system odbezpieczania magnesu przed zalaniem betonem.<\/p>\n","protected":false},"author":1,"featured_media":0,"parent":0,"menu_order":0,"comment_status":"closed","ping_status":"closed","template":"","meta":{"footnotes":"","_links_to":"","_links_to_target":""},"class_list":["post-349","page","type-page","status-publish","hentry"],"yoast_head":"<!-- This site is optimized with the Yoast SEO plugin v27.4 - https:\/\/yoast.com\/product\/yoast-seo-wordpress\/ -->\n<title>Przegrody magnetyczne -<\/title>\n<meta name=\"description\" content=\"Systemy szalunkowe, magnesy do prefabykacji, prefabrykacja, magnesy RTB, magnesy RTD, profile magnetyczne, przegrody magnetyczne\" \/>\n<meta name=\"robots\" content=\"index, follow, max-snippet:-1, max-image-preview:large, max-video-preview:-1\" \/>\n<link rel=\"canonical\" href=\"https:\/\/www.beto-met.pl\/systemy-szalunkowe\/przegrody-magnetyczne\/\" \/>\n<meta property=\"og:locale\" content=\"pl_PL\" \/>\n<meta property=\"og:type\" content=\"article\" \/>\n<meta property=\"og:title\" content=\"Przegrody magnetyczne -\" \/>\n<meta property=\"og:description\" content=\"Systemy szalunkowe, magnesy do prefabykacji, prefabrykacja, magnesy RTB, magnesy RTD, profile magnetyczne, przegrody magnetyczne\" \/>\n<meta property=\"og:url\" content=\"https:\/\/www.beto-met.pl\/systemy-szalunkowe\/przegrody-magnetyczne\/\" \/>\n<meta property=\"article:publisher\" content=\"https:\/\/www.facebook.com\/fabrykamaszyn\/\" \/>\n<meta property=\"article:modified_time\" content=\"2022-10-05T09:24:26+00:00\" \/>\n<meta property=\"og:image\" content=\"https:\/\/www.beto-met.pl\/systemy-szalunkowe\/wp-content\/uploads\/2022\/10\/Przegroda-magnetyczna-typu-H-768x432.png\" \/>\n<meta name=\"twitter:card\" content=\"summary_large_image\" \/>\n<meta name=\"twitter:label1\" content=\"Szacowany czas czytania\" \/>\n\t<meta name=\"twitter:data1\" content=\"1 minuta\" \/>\n<script type=\"application\/ld+json\" class=\"yoast-schema-graph\">{\"@context\":\"https:\\\/\\\/schema.org\",\"@graph\":[{\"@type\":\"WebPage\",\"@id\":\"https:\\\/\\\/www.beto-met.pl\\\/systemy-szalunkowe\\\/przegrody-magnetyczne\\\/\",\"url\":\"https:\\\/\\\/www.beto-met.pl\\\/systemy-szalunkowe\\\/przegrody-magnetyczne\\\/\",\"name\":\"Przegrody magnetyczne -\",\"isPartOf\":{\"@id\":\"https:\\\/\\\/www.beto-met.pl\\\/systemy-szalunkowe\\\/#website\"},\"primaryImageOfPage\":{\"@id\":\"https:\\\/\\\/www.beto-met.pl\\\/systemy-szalunkowe\\\/przegrody-magnetyczne\\\/#primaryimage\"},\"image\":{\"@id\":\"https:\\\/\\\/www.beto-met.pl\\\/systemy-szalunkowe\\\/przegrody-magnetyczne\\\/#primaryimage\"},\"thumbnailUrl\":\"https:\\\/\\\/www.beto-met.pl\\\/systemy-szalunkowe\\\/wp-content\\\/uploads\\\/2022\\\/10\\\/Przegroda-magnetyczna-typu-H-768x432.png\",\"datePublished\":\"2022-10-05T09:23:14+00:00\",\"dateModified\":\"2022-10-05T09:24:26+00:00\",\"description\":\"Systemy szalunkowe, magnesy do prefabykacji, prefabrykacja, magnesy RTB, magnesy RTD, profile magnetyczne, przegrody magnetyczne\",\"breadcrumb\":{\"@id\":\"https:\\\/\\\/www.beto-met.pl\\\/systemy-szalunkowe\\\/przegrody-magnetyczne\\\/#breadcrumb\"},\"inLanguage\":\"pl-PL\",\"potentialAction\":[{\"@type\":\"ReadAction\",\"target\":[\"https:\\\/\\\/www.beto-met.pl\\\/systemy-szalunkowe\\\/przegrody-magnetyczne\\\/\"]}]},{\"@type\":\"ImageObject\",\"inLanguage\":\"pl-PL\",\"@id\":\"https:\\\/\\\/www.beto-met.pl\\\/systemy-szalunkowe\\\/przegrody-magnetyczne\\\/#primaryimage\",\"url\":\"https:\\\/\\\/www.beto-met.pl\\\/systemy-szalunkowe\\\/wp-content\\\/uploads\\\/2022\\\/10\\\/Przegroda-magnetyczna-typu-H.png\",\"contentUrl\":\"https:\\\/\\\/www.beto-met.pl\\\/systemy-szalunkowe\\\/wp-content\\\/uploads\\\/2022\\\/10\\\/Przegroda-magnetyczna-typu-H.png\",\"width\":1931,\"height\":1085},{\"@type\":\"BreadcrumbList\",\"@id\":\"https:\\\/\\\/www.beto-met.pl\\\/systemy-szalunkowe\\\/przegrody-magnetyczne\\\/#breadcrumb\",\"itemListElement\":[{\"@type\":\"ListItem\",\"position\":1,\"name\":\"Strona g\u0142\u00f3wna\",\"item\":\"http:\\\/\\\/www.beto-met.pl\\\/systemy-szalunkowe\\\/\"},{\"@type\":\"ListItem\",\"position\":2,\"name\":\"Przegrody magnetyczne\"}]},{\"@type\":\"WebSite\",\"@id\":\"https:\\\/\\\/www.beto-met.pl\\\/systemy-szalunkowe\\\/#website\",\"url\":\"https:\\\/\\\/www.beto-met.pl\\\/systemy-szalunkowe\\\/\",\"name\":\"\",\"description\":\"Systemy szalunkowe\",\"publisher\":{\"@id\":\"https:\\\/\\\/www.beto-met.pl\\\/systemy-szalunkowe\\\/#organization\"},\"potentialAction\":[{\"@type\":\"SearchAction\",\"target\":{\"@type\":\"EntryPoint\",\"urlTemplate\":\"https:\\\/\\\/www.beto-met.pl\\\/systemy-szalunkowe\\\/?s={search_term_string}\"},\"query-input\":{\"@type\":\"PropertyValueSpecification\",\"valueRequired\":true,\"valueName\":\"search_term_string\"}}],\"inLanguage\":\"pl-PL\"},{\"@type\":\"Organization\",\"@id\":\"https:\\\/\\\/www.beto-met.pl\\\/systemy-szalunkowe\\\/#organization\",\"name\":\"Betomet Sp. z o.o. Systemy szalunkowe\",\"url\":\"https:\\\/\\\/www.beto-met.pl\\\/systemy-szalunkowe\\\/\",\"logo\":{\"@type\":\"ImageObject\",\"inLanguage\":\"pl-PL\",\"@id\":\"https:\\\/\\\/www.beto-met.pl\\\/systemy-szalunkowe\\\/#\\\/schema\\\/logo\\\/image\\\/\",\"url\":\"https:\\\/\\\/www.beto-met.pl\\\/systemy-szalunkowe\\\/wp-content\\\/uploads\\\/2019\\\/10\\\/cropped-Logo-Betomet-2.png\",\"contentUrl\":\"https:\\\/\\\/www.beto-met.pl\\\/systemy-szalunkowe\\\/wp-content\\\/uploads\\\/2019\\\/10\\\/cropped-Logo-Betomet-2.png\",\"width\":820,\"height\":607,\"caption\":\"Betomet Sp. z o.o. Systemy szalunkowe\"},\"image\":{\"@id\":\"https:\\\/\\\/www.beto-met.pl\\\/systemy-szalunkowe\\\/#\\\/schema\\\/logo\\\/image\\\/\"},\"sameAs\":[\"https:\\\/\\\/www.facebook.com\\\/fabrykamaszyn\\\/\"]}]}<\/script>\n<!-- \/ Yoast SEO plugin. -->","yoast_head_json":{"title":"Przegrody magnetyczne -","description":"Systemy szalunkowe, magnesy do prefabykacji, prefabrykacja, magnesy RTB, magnesy RTD, profile magnetyczne, przegrody magnetyczne","robots":{"index":"index","follow":"follow","max-snippet":"max-snippet:-1","max-image-preview":"max-image-preview:large","max-video-preview":"max-video-preview:-1"},"canonical":"https:\/\/www.beto-met.pl\/systemy-szalunkowe\/przegrody-magnetyczne\/","og_locale":"pl_PL","og_type":"article","og_title":"Przegrody magnetyczne -","og_description":"Systemy szalunkowe, magnesy do prefabykacji, prefabrykacja, magnesy RTB, magnesy RTD, profile magnetyczne, przegrody magnetyczne","og_url":"https:\/\/www.beto-met.pl\/systemy-szalunkowe\/przegrody-magnetyczne\/","article_publisher":"https:\/\/www.facebook.com\/fabrykamaszyn\/","article_modified_time":"2022-10-05T09:24:26+00:00","og_image":[{"url":"https:\/\/www.beto-met.pl\/systemy-szalunkowe\/wp-content\/uploads\/2022\/10\/Przegroda-magnetyczna-typu-H-768x432.png","type":"","width":"","height":""}],"twitter_card":"summary_large_image","twitter_misc":{"Szacowany czas czytania":"1 minuta"},"schema":{"@context":"https:\/\/schema.org","@graph":[{"@type":"WebPage","@id":"https:\/\/www.beto-met.pl\/systemy-szalunkowe\/przegrody-magnetyczne\/","url":"https:\/\/www.beto-met.pl\/systemy-szalunkowe\/przegrody-magnetyczne\/","name":"Przegrody magnetyczne -","isPartOf":{"@id":"https:\/\/www.beto-met.pl\/systemy-szalunkowe\/#website"},"primaryImageOfPage":{"@id":"https:\/\/www.beto-met.pl\/systemy-szalunkowe\/przegrody-magnetyczne\/#primaryimage"},"image":{"@id":"https:\/\/www.beto-met.pl\/systemy-szalunkowe\/przegrody-magnetyczne\/#primaryimage"},"thumbnailUrl":"https:\/\/www.beto-met.pl\/systemy-szalunkowe\/wp-content\/uploads\/2022\/10\/Przegroda-magnetyczna-typu-H-768x432.png","datePublished":"2022-10-05T09:23:14+00:00","dateModified":"2022-10-05T09:24:26+00:00","description":"Systemy szalunkowe, magnesy do prefabykacji, prefabrykacja, magnesy RTB, magnesy RTD, profile magnetyczne, przegrody magnetyczne","breadcrumb":{"@id":"https:\/\/www.beto-met.pl\/systemy-szalunkowe\/przegrody-magnetyczne\/#breadcrumb"},"inLanguage":"pl-PL","potentialAction":[{"@type":"ReadAction","target":["https:\/\/www.beto-met.pl\/systemy-szalunkowe\/przegrody-magnetyczne\/"]}]},{"@type":"ImageObject","inLanguage":"pl-PL","@id":"https:\/\/www.beto-met.pl\/systemy-szalunkowe\/przegrody-magnetyczne\/#primaryimage","url":"https:\/\/www.beto-met.pl\/systemy-szalunkowe\/wp-content\/uploads\/2022\/10\/Przegroda-magnetyczna-typu-H.png","contentUrl":"https:\/\/www.beto-met.pl\/systemy-szalunkowe\/wp-content\/uploads\/2022\/10\/Przegroda-magnetyczna-typu-H.png","width":1931,"height":1085},{"@type":"BreadcrumbList","@id":"https:\/\/www.beto-met.pl\/systemy-szalunkowe\/przegrody-magnetyczne\/#breadcrumb","itemListElement":[{"@type":"ListItem","position":1,"name":"Strona g\u0142\u00f3wna","item":"http:\/\/www.beto-met.pl\/systemy-szalunkowe\/"},{"@type":"ListItem","position":2,"name":"Przegrody magnetyczne"}]},{"@type":"WebSite","@id":"https:\/\/www.beto-met.pl\/systemy-szalunkowe\/#website","url":"https:\/\/www.beto-met.pl\/systemy-szalunkowe\/","name":"","description":"Systemy szalunkowe","publisher":{"@id":"https:\/\/www.beto-met.pl\/systemy-szalunkowe\/#organization"},"potentialAction":[{"@type":"SearchAction","target":{"@type":"EntryPoint","urlTemplate":"https:\/\/www.beto-met.pl\/systemy-szalunkowe\/?s={search_term_string}"},"query-input":{"@type":"PropertyValueSpecification","valueRequired":true,"valueName":"search_term_string"}}],"inLanguage":"pl-PL"},{"@type":"Organization","@id":"https:\/\/www.beto-met.pl\/systemy-szalunkowe\/#organization","name":"Betomet Sp. z o.o. Systemy szalunkowe","url":"https:\/\/www.beto-met.pl\/systemy-szalunkowe\/","logo":{"@type":"ImageObject","inLanguage":"pl-PL","@id":"https:\/\/www.beto-met.pl\/systemy-szalunkowe\/#\/schema\/logo\/image\/","url":"https:\/\/www.beto-met.pl\/systemy-szalunkowe\/wp-content\/uploads\/2019\/10\/cropped-Logo-Betomet-2.png","contentUrl":"https:\/\/www.beto-met.pl\/systemy-szalunkowe\/wp-content\/uploads\/2019\/10\/cropped-Logo-Betomet-2.png","width":820,"height":607,"caption":"Betomet Sp. z o.o. Systemy szalunkowe"},"image":{"@id":"https:\/\/www.beto-met.pl\/systemy-szalunkowe\/#\/schema\/logo\/image\/"},"sameAs":["https:\/\/www.facebook.com\/fabrykamaszyn\/"]}]}},"_links":{"self":[{"href":"https:\/\/www.beto-met.pl\/systemy-szalunkowe\/wp-json\/wp\/v2\/pages\/349","targetHints":{"allow":["GET"]}}],"collection":[{"href":"https:\/\/www.beto-met.pl\/systemy-szalunkowe\/wp-json\/wp\/v2\/pages"}],"about":[{"href":"https:\/\/www.beto-met.pl\/systemy-szalunkowe\/wp-json\/wp\/v2\/types\/page"}],"author":[{"embeddable":true,"href":"https:\/\/www.beto-met.pl\/systemy-szalunkowe\/wp-json\/wp\/v2\/users\/1"}],"replies":[{"embeddable":true,"href":"https:\/\/www.beto-met.pl\/systemy-szalunkowe\/wp-json\/wp\/v2\/comments?post=349"}],"version-history":[{"count":4,"href":"https:\/\/www.beto-met.pl\/systemy-szalunkowe\/wp-json\/wp\/v2\/pages\/349\/revisions"}],"predecessor-version":[{"id":356,"href":"https:\/\/www.beto-met.pl\/systemy-szalunkowe\/wp-json\/wp\/v2\/pages\/349\/revisions\/356"}],"wp:attachment":[{"href":"https:\/\/www.beto-met.pl\/systemy-szalunkowe\/wp-json\/wp\/v2\/media?parent=349"}],"curies":[{"name":"wp","href":"https:\/\/api.w.org\/{rel}","templated":true}]}}